{"id":4790,"date":"2021-04-12T15:10:46","date_gmt":"2021-04-12T15:10:46","guid":{"rendered":"https:\/\/traverse.e-hist.ch\/traverse\/"},"modified":"2025-10-31T10:23:43","modified_gmt":"2025-10-31T10:23:43","slug":"traverse","status":"publish","type":"page","link":"https:\/\/revue-traverse.ch\/fr\/","title":{"rendered":"traverse"},"content":{"rendered":"<div class=\"row ausgabe-latest\"><div class=\"col-12 col-lg-6\"><figure class=\"figure\"><div class=\"ausgabe-latest-image\"><img decoding=\"async\" src=\"https:\/\/revue-traverse.ch\/wp-content\/uploads\/2025\/10\/traverse_2025_3-1.png\" class=\"ausgabe-latest-vorschaubild\" \/><\/div><\/figure><\/div><div class=\"col-12 col-lg-6\"><div class=\"ausgabe-latest-headline\"><div class=\"ausgabe-latest-latest\">Dernier num\u00e9ro<\/div><div class=\"ausgabe-latest-nummer\"><i>traverse<\/i> 2025\/3<\/div><div class=\"ausgabe-latest-titel\">Antif\u00e9minismes<\/div><\/div><div class=\"ausgabe-latest-schwerpunkt\">L\u2019antif\u00e9minisme est un contre-mouvement dont les id\u00e9es et les pratiques ont circul\u00e9 au fur et \u00e0 mesure que les femmes r\u00e9clamaient leur \u00e9mancipation. D\u00e8s le milieu du 19e si\u00e8cle, les antif\u00e9ministes refusent aux femmes leur droit \u00e0 l\u2019\u00e9ducation et au travail, puis \u00e0 l\u2019autonomie civile et politique, au nom de la diff\u00e9rence naturelle des sexes et de la tradition. Pr\u00f4nant une soci\u00e9t\u00e9 fond\u00e9e sur des hi\u00e9rarchies consid\u00e9r\u00e9es comme \u00abnaturelles\u00bb, le discours antif\u00e9ministe est une des composantes cl\u00e9s et continuelle des soci\u00e9t\u00e9s organis\u00e9es sur un mod\u00e8le patriarcal. L\u2019antif\u00e9minisme n\u2019est toutefois pas homog\u00e8ne\u2009: il s\u2019agit d\u2019un ph\u00e9nom\u00e8ne global, qui s\u2019adapte aux cadres [\u2026]<\/div><a href=\"https:\/\/revue-traverse.ch\/fr\/ausgabe\/2025-3\/\" class=\"more-link\">plus<\/a><\/div><\/div>\n\n\n\n<hr class=\"wp-block-separator has-css-opacity\"\/>\n\n\n\n<h2 class=\"wp-block-heading\">Forum \u00abUn d\u00e9bat s&rsquo;impose! Wir brauchen eine Debatte!\u00bb<\/h2>\n\n\n\n<p class=\"front-lead\"><strong><a href=\"https:\/\/revue-traverse.ch\/fr\/wir-brauchen-eine-debatte\/\" data-type=\"page\" data-id=\"8825\">Appel! Aufruf!<\/a> <\/strong><\/p>\n\n\n\n<p>Perspectives multiples, forum unique: \u00c0 propos des mouvements de protestations dans les hautes \u00e9coles suisses en 2024<br>Verschiedene Perspektiven, ein Forum: Zum Umgang mit Protesten an unseren Hochschulen<\/p>\n\n\n\n<p><a href=\"https:\/\/revue-traverse.ch\/fr\/wir-brauchen-eine-debatte\/\" data-type=\"page\" data-id=\"8825\">plus<\/a><\/p>\n\n\n\n<hr class=\"wp-block-separator has-alpha-channel-opacity\"\/>\n\n\n<p class=\"front-lead\"><em>traverse<\/em>\u00a0para\u00eet depuis 1994.<br \/>La revue se veut un lieu d\u2019\u00e9change pour les chercheur\u00b7e\u00b7s en histoire en Suisse, dont l\u2019horizon d\u00e9passe les fronti\u00e8res nationales et disciplinaires. <br \/>Les num\u00e9ros th\u00e9matiques paraissent trois fois par an en <em>green way open access<\/em> et sont disponibles gratuitement ici et sur e-periodica apr\u00e8s 12 mois. Les num\u00e9ros peuvent \u00eatre<a href=\"https:\/\/revue-traverse.ch\/fr\/bestellungen\/\"> command\u00e9s<\/a> aupr\u00e8s des \u00e9ditions Chronos.<\/p>\n\n\n<p class=\"has-text-align-right\"><a href=\"https:\/\/revue-traverse.ch\/fr\/a-propos-de-nous\/\">plus<\/a><\/p>\n\n\n\n<hr class=\"wp-block-separator has-css-opacity\"\/>\n\n\n<div class=\"highlight-bg\"><div class=\"row highlight-latest\"><div class=\"col-12 col-lg-6 highlight-image\"><img loading=\"lazy\" decoding=\"async\" width=\"600\" height=\"400\" src=\"https:\/\/revue-traverse.ch\/wp-content\/uploads\/2025\/10\/Sozarch_F_5068-Na-11130_VORSCHAU-600x400.png\" class=\"attachment-frontpage size-frontpage wp-post-image\" alt=\"J\u00fcrg Hassler, Tag der Landsgemeinde des Kantons Appenzell Ausserrhoden in Hundwil, 1967, Schweizerisches Sozialarchiv, F 5068-Na-11130, \u00a9 J\u00fcrg Hassler.\" title=\"J\u00fcrg Hassler, Tag der Landsgemeinde des Kantons Appenzell Ausserrhoden in Hundwil, 1967, Schweizerisches Sozialarchiv, F 5068-Na-11130, \u00a9 J\u00fcrg Hassler.\" \/><\/div><div class=\"col-12 col-lg-6 highlight-text\"><div class=\"highlight-latest-titel\">Afficher la couleur!<\/div><div class=\"highlight-latest-body\"><!-- wp:paragraph -->\n<p>Le 30 avril 1967, le photographe J\u00fcrg Hassler prom\u00e8ne son objectif \u00e0 la Landsgemeinde de Hundwil, \u00e0 Appenzell Rhodes-Ext\u00e9rieures. Il en tire une s\u00e9rie de clich\u00e9s fascinants qui soulignent la forme exclusivement masculine de la d\u00e9mocratie, comme sur cette photographie.<\/p>\n<!-- \/wp:paragraph -->\n\n<!-- wp:paragraph -->\n<p>En 1967, seule une partie des Suissesses jouit des droits de vote et d\u2019\u00e9ligibilit\u00e9 sur le plan cantonal (Vaud, Neuch\u00e2tel, Gen\u00e8ve et B\u00e2le-Ville), un droit conquis de haute lutte; les autres cantons r\u00e9sistent encore \u2013 Appenzell Rhodes-Ext\u00e9rieures jusqu\u2019en 1989.<\/p>\n<!-- \/wp:paragraph -->\n\n<!-- wp:paragraph -->\n<p>L\u2019exclusion des femmes de la d\u00e9mocratie \u2013 car c\u2019est bien d\u2019exclusion dont il s\u2019agit ici \u2013 est pourtant contest\u00e9e, et depuis longtemps en Suisse. Mais les antisuffragistes ont pes\u00e9 lourd \u00e0 tous les \u00e9chelons de l\u2019\u00c9tat: les simples citoyens comme les hommes membres des l\u00e9gislatifs, des ex\u00e9cutifs et du Tribunal f\u00e9d\u00e9ral, ont refus\u00e9 de mani\u00e8re r\u00e9p\u00e9t\u00e9e et consciente de consid\u00e9rer leurs concitoyennes sur un plan d\u2019\u00e9galit\u00e9. Pour que le droit de vote et d\u2019\u00e9ligibilit\u00e9 des femmes dans l\u2019ensemble des cantons soit accept\u00e9, il a fallu 53 votations cantonales \u2013 les citoyens du demi-canton d\u2019Appenzell Rhodes Int\u00e9rieures ayant quant \u00e0 eux \u00e9t\u00e9 contraints par une d\u00e9cision du Tribunal f\u00e9d\u00e9ral le 27 novembre 1990 de partager leur pouvoir politique avec les femmes.<sup>1<\/sup><\/p>\n<!-- \/wp:paragraph -->\n\n<!-- wp:paragraph -->\n<p>La photographie de J\u00fcrg Hassler \u2013 qui n\u2019immortalise pas ici un vote relatif au suffrage f\u00e9minin \u2013 t\u00e9moigne ainsi d\u2019un effet tr\u00e8s concret de l\u2019antif\u00e9minisme.<\/p>\n<!-- \/wp:paragraph --><\/div><div class=\"highlight-link\"><a href=\"https:\/\/revue-traverse.ch\/fr\/afficher-la-couleur\/\" class=\"highlight-more-link sans-serif-16\">plus<\/a><\/div><\/div><\/div> <!-- row --><\/div> <!-- highlight-bg -->\n\n\n\n<hr class=\"wp-block-separator has-css-opacity\"\/>\n\n\n\n<div class=\"wp-block-columns is-layout-flex wp-container-core-columns-is-layout-9d6595d7 wp-block-columns-is-layout-flex\">\n<div class=\"wp-block-column is-layout-flow wp-block-column-is-layout-flow\"><div class=\"ausgabe-next\"><div class=\"ausgabe-next-headline\"><div class=\"ausgabe-next-preview\">Prochain num\u00e9ro<\/div><div class=\"ausgabe-next-nummer\"><i>traverse<\/i> 2026\/1<\/div><div class=\"ausgabe-next-titel\">Qui fait l'histoire?<\/div><\/div><div class=\"ausgabe-next-schwerpunkt\">\u00c9d. Matthieu Gillabert, Anja Rathmann-Lutz, Isabelle Sch\u00fcrch, Rike Szill L\u2019histoire est faite \u2013 et les questions de pouvoir y sont toujours pr\u00e9sentes. Nous aussi, en tant qu\u2019historien\u00b7ne\u00b7s et personnes de m\u00e9diation de l\u2019histoire, rendons le pouvoir (in)visible avec nos cat\u00e9gories d'analyse. Dans les sciences historiques, les approches intersectionnelles font d\u00e9sormais [...]<\/div><br><div class=\"ausgabe-next-erscheinungsdatum\">Date de publication: 22 avril 2026<\/div><a href=\"https:\/\/revue-traverse.ch\/fr\/ausgabe\/2026-1\/\" class=\"more-link\">plus<\/a><\/div>\n<\/div>\n\n\n\n<div class=\"wp-block-column is-layout-flow wp-block-column-is-layout-flow\">\n<h2 class=\"wp-block-heading\">Les ami\u00b7e\u00b7s de <em>traverse<\/em><\/h2>\n\n\n\n<p>Nous nous r\u00e9jouissons du grand nombre d\u2019abonn\u00e9\u00b7e\u00b7s que compte <em>traverse<\/em> depuis bient\u00f4t 30 ans. Depuis janvier 2023, vous pouvez \u00e9galement soutenir <em>traverse<\/em> en tant que \u00abami\u00b7e de <em>traverse<\/em>\u00bb. <\/p>\n\n\n\n<p>Vous trouverez <a href=\"https:\/\/revue-traverse.ch\/fr\/les-ami%c2%b7e%c2%b7s-de-traverse\/\" target=\"_blank\" rel=\"noreferrer noopener\">ici<\/a> la liste de celles et ceux qui le font d\u00e9j\u00e0 et que nous remercions chaleureusement. <\/p>\n\n\n\n<p>Participez et garantissez la p\u00e9rennit\u00e9 de <em>traverse<\/em> en tant que voix ind\u00e9pendante dans le paysage des publications historiques en Suisse et au-del\u00e0.<\/p>\n\n\n\n<p class=\"has-text-align-right\"><a href=\"https:\/\/revue-traverse.ch\/fr\/les-ami%c2%b7e%c2%b7s-de-traverse\/#why\" target=\"_blank\" rel=\"noreferrer noopener\">plus &#8230;<\/a><\/p>\n<\/div>\n<\/div>\n","protected":false},"excerpt":{"rendered":"<p>Forum \u00abUn d\u00e9bat s&rsquo;impose! Wir brauchen eine Debatte!\u00bb Appel! Aufruf! Perspectives multiples, forum unique: \u00c0 propos des mouvements de protestations dans les hautes \u00e9coles suisses en 2024Verschiedene Perspektiven, ein Forum: Zum Umgang mit Protesten an unseren Hochschulen plus traverse\u00a0para\u00eet depuis 1994.La revue se veut un lieu d\u2019\u00e9change pour les chercheur\u00b7e\u00b7s en histoire en Suisse, dont [&hellip;]<\/p>\n","protected":false},"author":1,"featured_media":0,"parent":0,"menu_order":6,"comment_status":"closed","ping_status":"closed","template":"","meta":{"footnotes":""},"class_list":["post-4790","page","type-page","status-publish","hentry"],"_links":{"self":[{"href":"https:\/\/revue-traverse.ch\/fr\/wp-json\/wp\/v2\/pages\/4790","targetHints":{"allow":["GET"]}}],"collection":[{"href":"https:\/\/revue-traverse.ch\/fr\/wp-json\/wp\/v2\/pages"}],"about":[{"href":"https:\/\/revue-traverse.ch\/fr\/wp-json\/wp\/v2\/types\/page"}],"author":[{"embeddable":true,"href":"https:\/\/revue-traverse.ch\/fr\/wp-json\/wp\/v2\/users\/1"}],"replies":[{"embeddable":true,"href":"https:\/\/revue-traverse.ch\/fr\/wp-json\/wp\/v2\/comments?post=4790"}],"version-history":[{"count":43,"href":"https:\/\/revue-traverse.ch\/fr\/wp-json\/wp\/v2\/pages\/4790\/revisions"}],"predecessor-version":[{"id":9634,"href":"https:\/\/revue-traverse.ch\/fr\/wp-json\/wp\/v2\/pages\/4790\/revisions\/9634"}],"wp:attachment":[{"href":"https:\/\/revue-traverse.ch\/fr\/wp-json\/wp\/v2\/media?parent=4790"}],"curies":[{"name":"wp","href":"https:\/\/api.w.org\/{rel}","templated":true}]}}