{"id":4805,"date":"2021-10-05T12:44:33","date_gmt":"2021-10-05T12:44:33","guid":{"rendered":"https:\/\/traverse.e-hist.ch\/?page_id=4805"},"modified":"2026-04-16T12:04:59","modified_gmt":"2026-04-16T12:04:59","slug":"call-for-papers","status":"publish","type":"page","link":"https:\/\/revue-traverse.ch\/fr\/call-for-papers\/","title":{"rendered":"Call for Papers"},"content":{"rendered":"\n<p><\/p>\n\n\n\n<hr class=\"wp-block-separator has-alpha-channel-opacity\"\/>\n\n\n\n<h2 class=\"wp-block-heading has-vivid-red-color has-text-color has-link-color wp-elements-6900d20d5f11db703edc9da304010d48\">Poison (3\/2027)<\/h2>\n\n\n\n<p>ed. Tina Asmussen, Sabine Pitteloud, Tiphaine Robert, Maria Tranter<\/p>\n\n\n\n<p>Le poison est omnipr\u00e9sent dans l\u2019histoire des soci\u00e9t\u00e9s humaines et figure parmi les objets les plus prot\u00e9iformes. Qu\u2019elles soient ing\u00e9r\u00e9es, inhal\u00e9es, absorb\u00e9es ou diffus\u00e9es dans les sols et les cours d\u2019eau, les substances toxiques ont fa\u00e7onn\u00e9 les corps, les environnements, les \u00e9conomies et les r\u00e9gimes politiques jusqu\u2019\u00e0 nos jours. Pourtant, le \u00abpoison\u00bb n\u2019est ni une cat\u00e9gorie fig\u00e9e ni \u00e9vidente en soi. Ce qui est consid\u00e9r\u00e9 comme toxique \u2014 pour qui et sous quelles conditions \u2014 a fait l\u2019objet de n\u00e9gociations et de ren\u00e9gociations au fil des si\u00e8cles, fa\u00e7onn\u00e9 par les transformations des syst\u00e8mes de savoir, les int\u00e9r\u00eats commerciaux changeants, les r\u00e9gimes r\u00e9glementaires et les conceptions culturellement sp\u00e9cifiques de la nature, du corps et du risque.<\/p>\n\n\n\n<p>Ce volume de <em>traverse<\/em> propose une exploration de l\u2019histoire des poisons, du Moyen \u00c2ge \u00e0 nos jours, ancr\u00e9e sur une histoire des mat\u00e9riaux et des substances (<em>Stoffgeschichte, <\/em>voir Haumann et al., 2023). En pla\u00e7ant la substance au centre de l\u2019analyse en tant qu\u2019objet historique \u2014 en retra\u00e7ant son extraction ou sa synth\u00e8se, sa circulation \u00e0 travers les r\u00e9seaux de commerce et de consommation, son application, sa r\u00e9glementation et son \u00e9limination \u2014, cette approche permet de suivre les poisons dans des configurations g\u00e9n\u00e9ralement \u00e9tudi\u00e9es de mani\u00e8re isol\u00e9e: de la mine ou du laboratoire au march\u00e9, du corps \u00e0 la salle d\u2019audience, de l\u2019environnement local aux cha\u00eenes mondiales de mati\u00e8res premi\u00e8res. Les propri\u00e9t\u00e9s mat\u00e9rielles de substances sp\u00e9cifiques \u2014 leur volatilit\u00e9, leur persistance, leur bioaccumulation ou la latence de leurs effets \u2014 ne sont pas accessoires, mais constitutives de leur trajectoire historique.<\/p>\n\n\n\n<p>Ce num\u00e9ro invite des contributions qui mettent en dialogue cette approche mat\u00e9rielle avec l\u2019histoire culturelle, l\u2019histoire du droit, l\u2019histoire sociale, l\u2019histoire \u00e9conomique, des sciences et des techniques et l\u2019histoire environnementale. La fronti\u00e8re entre \u00abpoison\u00bb et \u00abrem\u00e8de\u00bb, entre ce qui est toxique et ce qui est b\u00e9n\u00e9fique, est historiquement situ\u00e9e. La toxicit\u00e9 est donc relationnelle, contextuelle et contest\u00e9e. De plus, l\u2019exposition aux poisons s\u2019inscrit dans des \u00e9chelles de temps radicalement diff\u00e9rentes, allant d\u2019un empoisonnement soudain et aigu, intentionnel ou non, aux processus lents, cumulatifs et souvent imperceptibles de contamination environnementale qualifi\u00e9e par Rob Nixon (2011) de \u00abviolence lente\u00bb. L\u2019histoire des substances est particuli\u00e8rement apte \u00e0 saisir ces dynamiques temporelles.<\/p>\n\n\n\n<p>La r\u00e9gulation des poisons n\u2019a jamais relev\u00e9 d\u2019un simple exercice de l\u2019autorit\u00e9 publique. Elle implique une tol\u00e9rance face aux risques et contribue \u00e0 une normalisation de l\u2019exposition \u00e0 des substances toxiques (Boudia et Jas, 2019). L\u2019\u00e9tablissement suppos\u00e9 objectif de seuils de tol\u00e9rance et valeurs limite est fa\u00e7onn\u00e9 non seulement par des \u00e9vidences scientifiques mais aussi par des int\u00e9r\u00eats politiques et \u00e9conomiques. Il faut souligner encore que la toxicit\u00e9 des substances a souvent \u00e9t\u00e9 reconnue au moment m\u00eame de leur diffusion, mais que des acteurs puissants ont \u00e0 maintes reprises sem\u00e9 le doute pour retarder la r\u00e9glementation (Oreskes et Conway, 2010) ou orchestr\u00e9 la dissimulation de scandales potentiels (Henry, 2021). Par ailleurs, les substances toxiques n\u2019affectent jamais tous les corps et tous les environnements de la m\u00eame mani\u00e8re: les communaut\u00e9s marginalis\u00e9es \u2014 d\u00e9finies par la classe sociale, la race, le genre, les asym\u00e9tries de pouvoir ou le colonialisme \u2014 ont historiquement support\u00e9 des charges toxiques disproportionn\u00e9es (Liboiron, 2021; Nixon, 2011; Taylor, 2014; Jarrige et Le Roux, 2017).<\/p>\n\n\n\n<p>Toutes les \u00e9poques et toutes les r\u00e9gions g\u00e9ographiques peuvent \u00eatre abord\u00e9es. Les contributions peuvent porter sur un sujet pr\u00e9cis, un site particulier, une r\u00e9gion ou adopter une d\u00e9marche comparative et interconnect\u00e9e. Les auteurs et autrices peuvent s\u2019inspirer des questions suivantes, sans s\u2019y limiter:<\/p>\n\n\n\n<ul class=\"wp-block-list\">\n<li>Comment certaines substances toxiques ont-elles \u00e9t\u00e9 identifi\u00e9es, extraites, synth\u00e9tis\u00e9es, commercialis\u00e9es et consomm\u00e9es au fil du temps, et comment leurs propri\u00e9t\u00e9s physiques ont-elles influenc\u00e9 les possibilit\u00e9s de d\u00e9tection et de r\u00e9glementation?<\/li>\n\n\n\n<li>Comment la fronti\u00e8re entre \u00abpoison\u00bb et \u00abrem\u00e8de\u00bb, entre toxicit\u00e9 et innocuit\u00e9, a-t-elle \u00e9t\u00e9 d\u00e9finie et red\u00e9finie, et par quels acteurs?<\/li>\n\n\n\n<li>Quel r\u00f4le les formes vernaculaires et artisanales de savoir ont-elles jou\u00e9 parall\u00e8lement ou \u00e0 l\u2019encontre des \u00e9valuations de la toxicit\u00e9 men\u00e9es par les experts reconnus et les institutions?<\/li>\n\n\n\n<li>Comment les cat\u00e9gorisations \u2014 nuisance, maladie professionnelle, crime environnemental \u2014 ont-elles \u00e9volu\u00e9 en r\u00e9ponse aux substances toxiques, et comment ont-elles \u00e9t\u00e9 fa\u00e7onn\u00e9es par des int\u00e9r\u00eats politiques et \u00e9conomiques parfois concurrents?<\/li>\n\n\n\n<li>Comment l\u2019empoisonnement d\u00e9lib\u00e9r\u00e9 en tant que crime a-t-il crois\u00e9 les dimensions environnementales et industrielles de l\u2019exposition aux substances toxiques dans la pratique juridique?<\/li>\n\n\n\n<li>Quels corps et quels environnements ont support\u00e9 les charges toxiques les plus lourdes, et comment les cat\u00e9gories de vuln\u00e9rabilit\u00e9 \u2013 classe sociale, race, genre, \u00e2ge, profession, statut colonial \u2013 ont-elles fa\u00e7onn\u00e9 la r\u00e9partition des risques toxiques?<\/li>\n\n\n\n<li>Comment les populations touch\u00e9es ont-elles reconnu, exprim\u00e9 et mobilis\u00e9 leurs actions contre leur propre exposition aux poisons?<\/li>\n\n\n\n<li>Comment les substances toxiques ont-elles \u00e9t\u00e9 repr\u00e9sent\u00e9es et d\u00e9nonc\u00e9es dans la litt\u00e9rature, l\u2019art et la culture populaire, et comment les significations symboliques du poison ont-elles interf\u00e9r\u00e9 avec les r\u00e9alit\u00e9s mat\u00e9rielles de la contamination?<\/li>\n\n\n\n<li>Comment certaines technologies de production (fusion, amalgamation, chimie industrielle) ont-elles g\u00e9n\u00e9r\u00e9 de nouveaux risques toxiques, et comment les technologies de d\u00e9tection et d\u2019assainissement ont-elles fa\u00e7onn\u00e9 les mani\u00e8res de faire face aux poisons?<\/li>\n\n\n\n<li>En quoi la d\u00e9sindustrialisation transforme-t-elle l\u2019exposition aux substances toxiques dans les communaut\u00e9s et les lieux touch\u00e9s? Comment la d\u00e9finition de \u00abzones sacrifi\u00e9es\u00bb et les initiatives de r\u00e9habilitation environnementale ont-elles \u00e9t\u00e9 fa\u00e7onn\u00e9es, avec quels r\u00e9sultats?<\/li>\n<\/ul>\n\n\n\n<p>Les contributions seront publi\u00e9es dans le num\u00e9ro 3\/2027 de <em>traverse<\/em>. Les articles doivent compter au maximum 30\u2019000 caract\u00e8res (espaces compris) et seront soumis \u00e0 une \u00e9valuation par les pairs en double aveugle (<em>double blind peer review<\/em>). Toutes les informations concernant les aspects formels ainsi que le <em>style sheet<\/em> se trouvent <a href=\"https:\/\/revue-traverse.ch\/wp-content\/uploads\/2022\/05\/Stylesheet_f_2022.pdf\">ici<\/a>. Les r\u00e9sum\u00e9s pour les contributions (environ 500 mots) et un court CV doivent \u00eatre envoy\u00e9s avant le <strong>15 juin 2026 <\/strong>\u00e0 : <a href=\"mailto:m.tranter@unibas.ch\">m.tranter@unibas.ch<\/a>. Les auteur\u00d7rice\u00d7s seront inform\u00e9\u00d7e\u00d7s de la d\u00e9cision des \u00e9diteurice\u00d7s du num\u00e9ro au plus tard le<strong> 30 juin 2026<\/strong>. Le d\u00e9lai pour la soumission des articles complets est fix\u00e9 au <strong>15 octobre 2026. <\/strong><strong><br><\/strong><\/p>\n\n\n\n<p><strong>R\u00e9f\u00e9rences cit\u00e9es<\/strong><\/p>\n\n\n\n<p>Boudia, Soraya; Jas, Nathalie, <em>Gouverner un Monde Toxique, <\/em>Versailles, 2019.<\/p>\n\n\n\n<p>Haumann, Sebastian; Roelevink, Eva-Maria; Thorade, Nora; Zumbr\u00e4gel, Christian (\u00e9d.), <em>Perspektiven auf Stoffgeschichte: Materialit\u00e4t, Praktiken, Wissen<\/em>, Bielefeld, 2023.<\/p>\n\n\n\n<p>Henry, Emmanuel, <em>La fabrique des non-probl\u00e8mes: ou comment \u00e9viter que la politique s\u2019en m\u00eale<\/em>, Paris, 2021.<\/p>\n\n\n\n<p>Jarrige, Fran\u00e7ois; Le Roux, Thomas, <em>La contamination du monde: Une histoire des pollutions \u00e0 l\u2019\u00e2ge industriel,<\/em> Paris, 2017.<\/p>\n\n\n\n<p>Liboiron, Max, <em>Pollution Is Colonialism,<\/em> Durham, NC, 2021.<\/p>\n\n\n\n<p>Nixon, Rob, <em>Slow Violence and the Environmentalism of the Poor,<\/em> Cambridge, MA, 2011.<\/p>\n\n\n\n<p>Oreskes, Naomi; Conway, Erik M., <em>Merchants of Doubt: How a Handful of Scientists Obscured the Truth on Issues from Tobacco Smoke to Global Warming, <\/em>New York, 2010.<\/p>\n\n\n\n<p>Taylor, Dorceta E., <em>Toxic Communities: Environmental Racism, Industrial Pollution, and Residential Mobility,<\/em> New York, 2014.<\/p>\n\n\n\n<p><strong><a href=\"https:\/\/revue-traverse.ch\/wp-content\/uploads\/2026\/04\/CfP-Gift-Poison-traverse-3_27.pdf\" data-type=\"attachment\" data-id=\"9705\">CfP Poison (d\/f)<\/a><\/strong><\/p>\n","protected":false},"excerpt":{"rendered":"<p>Poison (3\/2027) ed. Tina Asmussen, Sabine Pitteloud, Tiphaine Robert, Maria Tranter Le poison est omnipr\u00e9sent dans l\u2019histoire des soci\u00e9t\u00e9s humaines et figure parmi les objets les plus prot\u00e9iformes. Qu\u2019elles soient ing\u00e9r\u00e9es, inhal\u00e9es, absorb\u00e9es ou diffus\u00e9es dans les sols et les cours d\u2019eau, les substances toxiques ont fa\u00e7onn\u00e9 les corps, les environnements, les \u00e9conomies et les [&hellip;]<\/p>\n","protected":false},"author":1,"featured_media":0,"parent":0,"menu_order":40,"comment_status":"closed","ping_status":"closed","template":"","meta":{"footnotes":""},"class_list":["post-4805","page","type-page","status-publish","hentry"],"_links":{"self":[{"href":"https:\/\/revue-traverse.ch\/fr\/wp-json\/wp\/v2\/pages\/4805","targetHints":{"allow":["GET"]}}],"collection":[{"href":"https:\/\/revue-traverse.ch\/fr\/wp-json\/wp\/v2\/pages"}],"about":[{"href":"https:\/\/revue-traverse.ch\/fr\/wp-json\/wp\/v2\/types\/page"}],"author":[{"embeddable":true,"href":"https:\/\/revue-traverse.ch\/fr\/wp-json\/wp\/v2\/users\/1"}],"replies":[{"embeddable":true,"href":"https:\/\/revue-traverse.ch\/fr\/wp-json\/wp\/v2\/comments?post=4805"}],"version-history":[{"count":46,"href":"https:\/\/revue-traverse.ch\/fr\/wp-json\/wp\/v2\/pages\/4805\/revisions"}],"predecessor-version":[{"id":9708,"href":"https:\/\/revue-traverse.ch\/fr\/wp-json\/wp\/v2\/pages\/4805\/revisions\/9708"}],"wp:attachment":[{"href":"https:\/\/revue-traverse.ch\/fr\/wp-json\/wp\/v2\/media?parent=4805"}],"curies":[{"name":"wp","href":"https:\/\/api.w.org\/{rel}","templated":true}]}}