{"id":4921,"date":"2021-10-15T09:33:48","date_gmt":"2021-10-15T09:33:48","guid":{"rendered":"https:\/\/traverse.e-hist.ch\/?page_id=4921"},"modified":"2025-11-12T07:16:00","modified_gmt":"2025-11-12T07:16:00","slug":"mentions-legales","status":"publish","type":"page","link":"https:\/\/revue-traverse.ch\/fr\/mentions-legales\/","title":{"rendered":"Impressum"},"content":{"rendered":"\n<p><em>traverse<\/em>. Zeitschrift f\u00fcr Geschichte \/ Revue d&rsquo;histoire<br>ISSN 1420-4355<\/p>\n\n\n\n<p>Redaktion <em>traverse<\/em><br>c\/o Chronos Verlag<br>Eisengasse 9<br>CH-8008 Z\u00fcrich<br><a href=\"mailto:info@revue-traverse.ch\">info@revue-traverse.ch<\/a><br><\/p>\n\n\n\n<p><\/p>\n\n\n\n<h5 class=\"wp-block-heading\">Grafik und Webdesign <\/h5>\n\n\n\n<p>Markus Bucher (Barbieri Bucher)<br><a href=\"https:\/\/www.barbieribucher.ch\/\" data-type=\"URL\" data-id=\"https:\/\/www.barbieribucher.ch\/\">https:\/\/www.barbieribucher.ch\/<\/a><br><br>Gerold Ritter (e-hist)<br><a rel=\"noreferrer noopener\" href=\"https:\/\/www.e-hist.ch\/\" target=\"_blank\">www.e-hist.c<\/a><a rel=\"noreferrer noopener\" href=\"https:\/\/www.e-hist.ch\/\" target=\"_blank\">h<\/a><br><br><\/p>\n\n\n\n<h5 class=\"wp-block-heading\">Droits d&rsquo;auteur<\/h5>\n\n\n\n<p>Les articles publi\u00e9s dans traverse sont prot\u00e9g\u00e9s par le droit d&rsquo;auteur.<\/p>\n\n\n\n<p>Apr\u00e8s l&rsquo;expiration du d\u00e9lai d&#8217;embargo, actuellement de 12 mois, ils sont mis \u00e0 disposition en Open Access sous la licence <a href=\"https:\/\/creativecommons.org\/licenses\/by-nc-sa\/4.0\/\" target=\"_blank\" rel=\"noreferrer noopener\">CC BY-NC-SA<\/a> sur ce site, sur le site des \u00e9ditions Chronos et sur <a href=\"https:\/\/www.e-periodica.ch\/digbib\/volumes?UID=tra-001\">e-periodica<\/a>.<\/p>\n\n\n\n<h5 class=\"wp-block-heading\">Droits d&rsquo;image<\/h5>\n\n\n\n<p>Nous nous effor\u00e7ons d&rsquo;identifier les ayants droit des images, des sons et des films contenus dans les articles et de citer correctement les sources. Les cr\u00e9dits photographiques sont indiqu\u00e9s soit sur l&rsquo;image, soit dans les notes, soit \u00e0 la fin de la contribution. Les licences diff\u00e9rentes pour des contributions ou des images individuelles sont indiqu\u00e9es s\u00e9par\u00e9ment.<\/p>\n\n\n\n<p>Si des droits sont ouverts, nous vous prions de nous en informer \u00e0 l&rsquo;adresse&nbsp;<a href=\"mailto:info@revue-traverse.ch\" class=\"\">info@revue-traverse.ch<\/a>.<\/p>\n\n\n\n<h5 class=\"wp-block-heading\">Clause de non-responsabilit\u00e9<\/h5>\n\n\n\n<p>Nous n&rsquo;assumons aucune responsabilit\u00e9 quant \u00e0 la v\u00e9racit\u00e9, l&rsquo;exactitude, l&rsquo;actualit\u00e9, la fiabilit\u00e9 et l&rsquo;exhaustivit\u00e9 du contenu des textes publi\u00e9s sur le site. Les \u00e9diteurs et \u00e9ditrices ne sauraient \u00eatre tenu\u00b7e\u00b7s pour responsables des dommages r\u00e9sultant de la\u00a0consultation\u00a0ou de l&rsquo;utilisation des informations publi\u00e9es, d&rsquo;un usage abusif de la connexion ou de probl\u00e8mes techniques. Nous nous r\u00e9servons le droit de modifier, de compl\u00e9ter ou de supprimer des parties de pages ou l&rsquo;ensemble de l&rsquo;offre sans avis pr\u00e9alable, ou d&rsquo;en suspendre temporairement ou d\u00e9finitivement la publication.<\/p>\n\n\n\n<h5 class=\"wp-block-heading\">Responsabilit\u00e9 pour les liens<\/h5>\n\n\n\n<p>Les renvois et liens vers des sites web de tiers ne rel\u00e8vent pas de notre responsabilit\u00e9. Nous d\u00e9clinons toute responsabilit\u00e9 pour de tels sites web. L&rsquo;acc\u00e8s \u00e0 ces sites et leur utilisation se font aux risques et p\u00e9rils des utilisateurs et utilisatrices.<\/p>\n","protected":false},"excerpt":{"rendered":"<p>traverse. Zeitschrift f\u00fcr Geschichte \/ Revue d&rsquo;histoireISSN 1420-4355 Redaktion traversec\/o Chronos VerlagEisengasse 9CH-8008 Z\u00fcrichinfo@revue-traverse.ch Grafik und Webdesign Markus Bucher (Barbieri Bucher)https:\/\/www.barbieribucher.ch\/ Gerold Ritter (e-hist)www.e-hist.ch Droits d&rsquo;auteur Les articles publi\u00e9s dans traverse sont prot\u00e9g\u00e9s par le droit d&rsquo;auteur. Apr\u00e8s l&rsquo;expiration du d\u00e9lai d&#8217;embargo, actuellement de 12 mois, ils sont mis \u00e0 disposition en Open Access sous [&hellip;]<\/p>\n","protected":false},"author":1,"featured_media":0,"parent":0,"menu_order":41,"comment_status":"closed","ping_status":"closed","template":"","meta":{"footnotes":""},"class_list":["post-4921","page","type-page","status-publish","hentry"],"_links":{"self":[{"href":"https:\/\/revue-traverse.ch\/fr\/wp-json\/wp\/v2\/pages\/4921","targetHints":{"allow":["GET"]}}],"collection":[{"href":"https:\/\/revue-traverse.ch\/fr\/wp-json\/wp\/v2\/pages"}],"about":[{"href":"https:\/\/revue-traverse.ch\/fr\/wp-json\/wp\/v2\/types\/page"}],"author":[{"embeddable":true,"href":"https:\/\/revue-traverse.ch\/fr\/wp-json\/wp\/v2\/users\/1"}],"replies":[{"embeddable":true,"href":"https:\/\/revue-traverse.ch\/fr\/wp-json\/wp\/v2\/comments?post=4921"}],"version-history":[{"count":6,"href":"https:\/\/revue-traverse.ch\/fr\/wp-json\/wp\/v2\/pages\/4921\/revisions"}],"predecessor-version":[{"id":9651,"href":"https:\/\/revue-traverse.ch\/fr\/wp-json\/wp\/v2\/pages\/4921\/revisions\/9651"}],"wp:attachment":[{"href":"https:\/\/revue-traverse.ch\/fr\/wp-json\/wp\/v2\/media?parent=4921"}],"curies":[{"name":"wp","href":"https:\/\/api.w.org\/{rel}","templated":true}]}}