{"id":5218,"date":"2022-02-17T13:06:43","date_gmt":"2022-02-17T13:06:43","guid":{"rendered":"https:\/\/traverse.e-hist.ch\/?page_id=5218"},"modified":"2022-04-26T19:45:30","modified_gmt":"2022-04-26T19:45:30","slug":"a-propos-de-nous","status":"publish","type":"page","link":"https:\/\/revue-traverse.ch\/fr\/a-propos-de-nous\/","title":{"rendered":"A propos de nous"},"content":{"rendered":"\n<p><em>Traverse<\/em> para\u00eet depuis 1994.<\/p>\n\n\n\n<p>La revue se veut un lieu d\u2019\u00e9change pour les chercheur\u00b7e\u00b7s en histoire en Suisse, dont l&rsquo;horizon d\u00e9passe les fronti\u00e8res nationales et disciplinaires.<\/p>\n\n\n\n<p>En tant que comit\u00e9 de r\u00e9daction, nous poursuivons ensemble un projet intellectuel qui fait de <em>traverse<\/em> \u00e0 la fois une revue sp\u00e9cialis\u00e9e en histoire et un media qui s&rsquo;adresse \u00e0 un public au-del\u00e0 du monde acad\u00e9mique. Nous offrons un espace pour des sujets d&rsquo;actualit\u00e9 historique et sociopolitique et pour analyser les liens entre pass\u00e9 et pr\u00e9sent.<\/p>\n\n\n\n<p>L&rsquo;\u00e9quipe de r\u00e9daction est constitu\u00e9e en association et, \u00e0 ce titre, fait partie de la Soci\u00e9t\u00e9 suisse d&rsquo;histoire (SSH) en tant que section. La revue est cofinanc\u00e9e par des contributions de l&rsquo;Acad\u00e9mie suisse des sciences humaines et sociales (ASSH) (partenaire).<\/p>\n","protected":false},"excerpt":{"rendered":"<p>Traverse para\u00eet depuis 1994. La revue se veut un lieu d\u2019\u00e9change pour les chercheur\u00b7e\u00b7s en histoire en Suisse, dont l&rsquo;horizon d\u00e9passe les fronti\u00e8res nationales et disciplinaires. En tant que comit\u00e9 de r\u00e9daction, nous poursuivons ensemble un projet intellectuel qui fait de traverse \u00e0 la fois une revue sp\u00e9cialis\u00e9e en histoire et un media qui s&rsquo;adresse [&hellip;]<\/p>\n","protected":false},"author":1,"featured_media":0,"parent":0,"menu_order":24,"comment_status":"closed","ping_status":"closed","template":"","meta":{"footnotes":""},"class_list":["post-5218","page","type-page","status-publish","hentry"],"_links":{"self":[{"href":"https:\/\/revue-traverse.ch\/fr\/wp-json\/wp\/v2\/pages\/5218","targetHints":{"allow":["GET"]}}],"collection":[{"href":"https:\/\/revue-traverse.ch\/fr\/wp-json\/wp\/v2\/pages"}],"about":[{"href":"https:\/\/revue-traverse.ch\/fr\/wp-json\/wp\/v2\/types\/page"}],"author":[{"embeddable":true,"href":"https:\/\/revue-traverse.ch\/fr\/wp-json\/wp\/v2\/users\/1"}],"replies":[{"embeddable":true,"href":"https:\/\/revue-traverse.ch\/fr\/wp-json\/wp\/v2\/comments?post=5218"}],"version-history":[{"count":3,"href":"https:\/\/revue-traverse.ch\/fr\/wp-json\/wp\/v2\/pages\/5218\/revisions"}],"predecessor-version":[{"id":5714,"href":"https:\/\/revue-traverse.ch\/fr\/wp-json\/wp\/v2\/pages\/5218\/revisions\/5714"}],"wp:attachment":[{"href":"https:\/\/revue-traverse.ch\/fr\/wp-json\/wp\/v2\/media?parent=5218"}],"curies":[{"name":"wp","href":"https:\/\/api.w.org\/{rel}","templated":true}]}}