{"id":5233,"date":"2022-02-17T13:56:06","date_gmt":"2022-02-17T13:56:06","guid":{"rendered":"https:\/\/traverse.e-hist.ch\/?page_id=5233"},"modified":"2022-04-21T04:13:29","modified_gmt":"2022-04-21T04:13:29","slug":"publikationsethik","status":"publish","type":"page","link":"https:\/\/revue-traverse.ch\/fr\/proposer-un-article\/publikationsethik\/","title":{"rendered":"\u00c9thique de publication"},"content":{"rendered":"\n<p><em>traverse <\/em>s&rsquo;efforce de garantir des publications de haute qualit\u00e9. Elle adh\u00e8re aux normes \u00e9lev\u00e9es de l&rsquo;\u00e9thique de publication et attend de toutes les personnes et institutions impliqu\u00e9es dans la publication qu&rsquo;elles les respectent (auteur\u00b7e\u00b7s, \u00e9diteur\u00b7e\u00b7s et maison d&rsquo;\u00e9dition). <em>traverse<\/em> suit les directives du Committee on Publication Ethics (COPE) pour pr\u00e9server l&rsquo;int\u00e9grit\u00e9 scientifique.&nbsp;<\/p>\n\n\n\n<p><em>traverse <\/em>s&rsquo;engage \u00e0 ne publier que du mat\u00e9riel original qui n&rsquo;a pas d\u00e9j\u00e0 \u00e9t\u00e9 publi\u00e9 ailleurs ou qui n&rsquo;est pas en cours d&rsquo;\u00e9valuation. La publication d&rsquo;articles d\u00e9j\u00e0 publi\u00e9s dans une autre langue est possible, \u00e0 condition que les \u00e9diteurs et \u00e9ditrices l&rsquo;acceptent et que le lieu de publication original soit mentionn\u00e9.<\/p>\n\n\n\n<p>Tout manuscrit laissant soup\u00e7onner un plagiat sera examin\u00e9 et les cas de plagiat seront sanctionn\u00e9s.<\/p>\n","protected":false},"excerpt":{"rendered":"<p>traverse s&rsquo;efforce de garantir des publications de haute qualit\u00e9. Elle adh\u00e8re aux normes \u00e9lev\u00e9es de l&rsquo;\u00e9thique de publication et attend de toutes les personnes et institutions impliqu\u00e9es dans la publication qu&rsquo;elles les respectent (auteur\u00b7e\u00b7s, \u00e9diteur\u00b7e\u00b7s et maison d&rsquo;\u00e9dition). traverse suit les directives du Committee on Publication Ethics (COPE) pour pr\u00e9server l&rsquo;int\u00e9grit\u00e9 scientifique.&nbsp; traverse s&rsquo;engage \u00e0 [&hellip;]<\/p>\n","protected":false},"author":1,"featured_media":0,"parent":5360,"menu_order":19,"comment_status":"closed","ping_status":"closed","template":"","meta":{"footnotes":""},"class_list":["post-5233","page","type-page","status-publish","hentry"],"_links":{"self":[{"href":"https:\/\/revue-traverse.ch\/fr\/wp-json\/wp\/v2\/pages\/5233","targetHints":{"allow":["GET"]}}],"collection":[{"href":"https:\/\/revue-traverse.ch\/fr\/wp-json\/wp\/v2\/pages"}],"about":[{"href":"https:\/\/revue-traverse.ch\/fr\/wp-json\/wp\/v2\/types\/page"}],"author":[{"embeddable":true,"href":"https:\/\/revue-traverse.ch\/fr\/wp-json\/wp\/v2\/users\/1"}],"replies":[{"embeddable":true,"href":"https:\/\/revue-traverse.ch\/fr\/wp-json\/wp\/v2\/comments?post=5233"}],"version-history":[{"count":4,"href":"https:\/\/revue-traverse.ch\/fr\/wp-json\/wp\/v2\/pages\/5233\/revisions"}],"predecessor-version":[{"id":5524,"href":"https:\/\/revue-traverse.ch\/fr\/wp-json\/wp\/v2\/pages\/5233\/revisions\/5524"}],"up":[{"embeddable":true,"href":"https:\/\/revue-traverse.ch\/fr\/wp-json\/wp\/v2\/pages\/5360"}],"wp:attachment":[{"href":"https:\/\/revue-traverse.ch\/fr\/wp-json\/wp\/v2\/media?parent=5233"}],"curies":[{"name":"wp","href":"https:\/\/api.w.org\/{rel}","templated":true}]}}