{"id":5360,"date":"2022-04-06T19:15:59","date_gmt":"2022-04-06T19:15:59","guid":{"rendered":"https:\/\/traverse.e-hist.ch\/?page_id=5360"},"modified":"2026-02-17T12:31:42","modified_gmt":"2026-02-17T12:31:42","slug":"proposer-un-article","status":"publish","type":"page","link":"https:\/\/revue-traverse.ch\/fr\/proposer-un-article\/","title":{"rendered":"Proposer un article"},"content":{"rendered":"\n<p>La revue <em>traverse<\/em> vit des textes et des initiatives qui la sous-tendent. Comment cela fonctionne-t-il ?<\/p>\n\n\n\n<p>\u00c9crire pour <em>traverse<\/em> peut na\u00eetre de projets divers et prendre des formes vari\u00e9es: participer \u00e0 l\u2019\u00e9laboration d&rsquo;un num\u00e9ro th\u00e9matique (\u00e9ditorial et 5 \u00e0 10 articles sur le th\u00e8me), r\u00e9diger un article pour un num\u00e9ro th\u00e9matique ou une rubrique, ou encore soumettre un article libre (voir aussi nos rubriques).<\/p>\n\n\n\n<p>En tant que comit\u00e9 de r\u00e9daction bilingue, r\u00e9parti sur l&rsquo;ensemble du territoire suisse (et au-del\u00e0), nous souhaitons encourager les auteur\u00b7e\u00b7s de tous profils de formation \u00e0 partager avec nous leurs recherches en histoire et sciences sociales et politiques et \u00e0 les diffuser aupr\u00e8s d\u2019un large public dans le cadre d\u2019une publication de qualit\u00e9.<\/p>\n\n\n\n<p>Au sein de <em>traverse<\/em>, nous pouvons nous pr\u00e9valoir d&rsquo;une exp\u00e9rience longue et riche avec les auteur\u00b7e\u00b7s, mais aussi de notre propre exp\u00e9rience dans l&rsquo;un des projets de revue d&rsquo;histoire les plus passionnants de Suisse.<\/p>\n\n\n\n<p>Comment contribuer \u00e0 ce projet ? En principe, il y a trois possibilit\u00e9s:<\/p>\n\n\n\n<ul class=\"wp-block-list\">\n<li>Proposer et soumettre un article destin\u00e9 \u00e0 une rubrique au moyen d\u2019un abstract<\/li>\n\n\n\n<li>R\u00e9diger et soumettre un article libre<\/li>\n\n\n\n<li>Concevoir un num\u00e9ro th\u00e9matique et l&rsquo;\u00e9laborer et le publier en collaboration avec les membres de la r\u00e9daction<\/li>\n<\/ul>\n\n\n\n<p>Veuillez noter que la r\u00e9daction de<em> traverse<\/em> n&rsquo;accepte pas les propositions de num\u00e9ros th\u00e9matiques \u00e9labor\u00e9s uniquement par des \u00e9diteurs externes. Les num\u00e9ros sont g\u00e9n\u00e9ralement con\u00e7us et publi\u00e9s par au moins deux membres de la r\u00e9daction. Le choix des th\u00e8mes est discut\u00e9 et d\u00e9termin\u00e9 par la r\u00e9daction.<\/p>\n\n\n\n<p>Nous sommes en tout temps ouvert\u00b7e\u00b7s aux questions, id\u00e9es et propositions.<\/p>\n\n\n\n<p>Renseignements g\u00e9n\u00e9raux via <a href=\"mailto:contact@traverse-revue.ch\">contact@traverse-revue.ch<\/a> ou directement aupr\u00e8s des responsables de rubriques (voir Rubriques).<\/p>\n","protected":false},"excerpt":{"rendered":"<p>La revue traverse vit des textes et des initiatives qui la sous-tendent. Comment cela fonctionne-t-il ? \u00c9crire pour traverse peut na\u00eetre de projets divers et prendre des formes vari\u00e9es: participer \u00e0 l\u2019\u00e9laboration d&rsquo;un num\u00e9ro th\u00e9matique (\u00e9ditorial et 5 \u00e0 10 articles sur le th\u00e8me), r\u00e9diger un article pour un num\u00e9ro th\u00e9matique ou une rubrique, ou [&hellip;]<\/p>\n","protected":false},"author":2,"featured_media":0,"parent":0,"menu_order":11,"comment_status":"closed","ping_status":"closed","template":"","meta":{"footnotes":""},"class_list":["post-5360","page","type-page","status-publish","hentry"],"_links":{"self":[{"href":"https:\/\/revue-traverse.ch\/fr\/wp-json\/wp\/v2\/pages\/5360","targetHints":{"allow":["GET"]}}],"collection":[{"href":"https:\/\/revue-traverse.ch\/fr\/wp-json\/wp\/v2\/pages"}],"about":[{"href":"https:\/\/revue-traverse.ch\/fr\/wp-json\/wp\/v2\/types\/page"}],"author":[{"embeddable":true,"href":"https:\/\/revue-traverse.ch\/fr\/wp-json\/wp\/v2\/users\/2"}],"replies":[{"embeddable":true,"href":"https:\/\/revue-traverse.ch\/fr\/wp-json\/wp\/v2\/comments?post=5360"}],"version-history":[{"count":3,"href":"https:\/\/revue-traverse.ch\/fr\/wp-json\/wp\/v2\/pages\/5360\/revisions"}],"predecessor-version":[{"id":9699,"href":"https:\/\/revue-traverse.ch\/fr\/wp-json\/wp\/v2\/pages\/5360\/revisions\/9699"}],"wp:attachment":[{"href":"https:\/\/revue-traverse.ch\/fr\/wp-json\/wp\/v2\/media?parent=5360"}],"curies":[{"name":"wp","href":"https:\/\/api.w.org\/{rel}","templated":true}]}}