{"id":5362,"date":"2022-04-06T19:18:12","date_gmt":"2022-04-06T19:18:12","guid":{"rendered":"https:\/\/traverse.e-hist.ch\/?page_id=5362"},"modified":"2022-05-28T13:29:16","modified_gmt":"2022-05-28T13:29:16","slug":"peer-review","status":"publish","type":"page","link":"https:\/\/revue-traverse.ch\/fr\/proposer-un-article\/peer-review\/","title":{"rendered":"Peer Review"},"content":{"rendered":"\n<p>Les articles pour le dossier th\u00e9matique ainsi que les articles libres sont \u00e9valu\u00e9s dans le cadre d&rsquo;une proc\u00e9dure de double \u00e9valuation anonyme par les pairs (<em>peer review<\/em>):<\/p>\n\n\n\n<p><strong>Dossier th\u00e9matique:<\/strong><\/p>\n\n\n\n<p>Les articles publi\u00e9s dans un dossier th\u00e9matique de la revue <em>traverse<\/em> sont \u00e9valu\u00e9s par des pairs. De la s\u00e9lection des contributions jusqu&rsquo;\u00e0 l&rsquo;article pr\u00eat \u00e0 \u00eatre publi\u00e9, les diff\u00e9rents articles sont supervis\u00e9s par les \u00e9diteurs et \u00e9ditrices du num\u00e9ro th\u00e9matique. De plus, chaque dossier th\u00e9matique est soumis \u00e0 une proc\u00e9dure de <em>double blind peer-review<\/em> externe ainsi qu&rsquo;\u00e0 une \u00e9valuation interne par un membre du comit\u00e9 de r\u00e9daction. La d\u00e9cision d&rsquo;accepter ou de refuser un article pour la publication est laiss\u00e9e \u00e0 l&rsquo;appr\u00e9ciation de l&rsquo;ensemble de la r\u00e9daction. Tous les articles d&rsquo;un num\u00e9ro accept\u00e9s pour la publication sont relus, puis transmis au service de correction de la maison d&rsquo;\u00e9dition Chronos. Cette proc\u00e9dure rigoureuse et exigeante permet \u00e0 <em>traverse<\/em> de garantir une qualit\u00e9 \u00e9lev\u00e9e et constante, conforme aux normes scientifiques internationales en vigueur.<\/p>\n\n\n\n<p><strong>Article libre<\/strong><\/p>\n\n\n\n<p>Chaque num\u00e9ro offre un espace pour <em>un article libre<\/em> en dehors du th\u00e8me principal. Les articles pr\u00eats \u00e0 \u00eatre publi\u00e9s peuvent \u00eatre adress\u00e9s \u00e0 tout moment \u00e0 <a href=\"https:\/\/revue-traverse.ch\/fr\/rubriken\/#freier-artikel\" target=\"_blank\" rel=\"noreferrer noopener\">un\u00b7e responsable de la rubrique<\/a>. Les articles sont \u00e9valu\u00e9s et discut\u00e9s de mani\u00e8re anonyme par les membres de la r\u00e9daction. Cette proc\u00e9dure correspond aux standards du processus de<em> peer-review<\/em>. La d\u00e9cision de publier un article est prise par l&rsquo;ensemble de la r\u00e9daction. Elle fait \u00e9galement des propositions de remaniement qui sont communiqu\u00e9es aux auteur\u00b7e\u00b7s par les responsables de la rubrique.<\/p>\n","protected":false},"excerpt":{"rendered":"<p>Les articles pour le dossier th\u00e9matique ainsi que les articles libres sont \u00e9valu\u00e9s dans le cadre d&rsquo;une proc\u00e9dure de double \u00e9valuation anonyme par les pairs (peer review): Dossier th\u00e9matique: Les articles publi\u00e9s dans un dossier th\u00e9matique de la revue traverse sont \u00e9valu\u00e9s par des pairs. De la s\u00e9lection des contributions jusqu&rsquo;\u00e0 l&rsquo;article pr\u00eat \u00e0 \u00eatre [&hellip;]<\/p>\n","protected":false},"author":2,"featured_media":0,"parent":5360,"menu_order":13,"comment_status":"closed","ping_status":"closed","template":"","meta":{"footnotes":""},"class_list":["post-5362","page","type-page","status-publish","hentry"],"_links":{"self":[{"href":"https:\/\/revue-traverse.ch\/fr\/wp-json\/wp\/v2\/pages\/5362","targetHints":{"allow":["GET"]}}],"collection":[{"href":"https:\/\/revue-traverse.ch\/fr\/wp-json\/wp\/v2\/pages"}],"about":[{"href":"https:\/\/revue-traverse.ch\/fr\/wp-json\/wp\/v2\/types\/page"}],"author":[{"embeddable":true,"href":"https:\/\/revue-traverse.ch\/fr\/wp-json\/wp\/v2\/users\/2"}],"replies":[{"embeddable":true,"href":"https:\/\/revue-traverse.ch\/fr\/wp-json\/wp\/v2\/comments?post=5362"}],"version-history":[{"count":4,"href":"https:\/\/revue-traverse.ch\/fr\/wp-json\/wp\/v2\/pages\/5362\/revisions"}],"predecessor-version":[{"id":5749,"href":"https:\/\/revue-traverse.ch\/fr\/wp-json\/wp\/v2\/pages\/5362\/revisions\/5749"}],"up":[{"embeddable":true,"href":"https:\/\/revue-traverse.ch\/fr\/wp-json\/wp\/v2\/pages\/5360"}],"wp:attachment":[{"href":"https:\/\/revue-traverse.ch\/fr\/wp-json\/wp\/v2\/media?parent=5362"}],"curies":[{"name":"wp","href":"https:\/\/api.w.org\/{rel}","templated":true}]}}