{"id":5378,"date":"2021-10-06T12:37:46","date_gmt":"2021-10-06T12:37:46","guid":{"rendered":"https:\/\/traverse.e-hist.ch\/a-propos-de-nous\/partner\/"},"modified":"2022-04-26T19:39:49","modified_gmt":"2022-04-26T19:39:49","slug":"partner","status":"publish","type":"page","link":"https:\/\/revue-traverse.ch\/fr\/a-propos-de-nous\/partner\/","title":{"rendered":"Les partenaires de <i>traverse<\/i>"},"content":{"rendered":"\n<h2 class=\"wp-block-heading\"><strong>\u00c9ditions Chronos<\/strong><\/h2>\n\n\n\n<p><a href=\"http:\/\/www.chronos-verlag.ch\" target=\"_blank\" rel=\"noreferrer noopener\">www.chronos-verlag.ch<\/a><\/p>\n\n\n\n<p>Co-initiateur de <em>traverse<\/em> et \u00e9diteur depuis le d\u00e9but de la revue.<\/p>\n\n\n\n<h2 class=\"wp-block-heading\"><strong>Soci\u00e9t\u00e9 suisse d&rsquo;histoire SSH<\/strong><\/h2>\n\n\n\n<p><a href=\"http:\/\/www.sgg-ssh.ch\" target=\"_blank\" rel=\"noreferrer noopener\">www.sgg-ssh.ch<\/a><\/p>\n\n\n\n<p>La Soci\u00e9t\u00e9 suisse d&rsquo;histoire (SSH) est l&rsquo;association fa\u00eeti\u00e8re nationale des historien\u00b7ne\u00b7s suisses. Elle compte pr\u00e8s de 1&rsquo;400 membres individuels et 10 institutions sp\u00e9cialis\u00e9es dans les sciences historiques. Elle d\u00e9fend les int\u00e9r\u00eats de l\u2019histoire dans la politique de recherche et de formation ainsi que dans le monde professionnel. Elle informe sur les derni\u00e8res recherches historiques suisses dans la Revue suisse d&rsquo;histoire et organise les Journ\u00e9es suisses d&rsquo;histoire, un \u00e9v\u00e9nement scientifique majeur.<\/p>\n\n\n\n<h2 class=\"wp-block-heading\"><strong>Acad\u00e9mie suisse des sciences humaines et sociales ASSH<\/strong><\/h2>\n\n\n\n<p><a href=\"http:\/\/www.sagw.ch\" target=\"_blank\" rel=\"noreferrer noopener\">www.sagw.ch<\/a><\/p>\n\n\n\n<p>L&rsquo;ASSH est une organisation fa\u00eeti\u00e8re qui r\u00e9unit environ 60 soci\u00e9t\u00e9s sp\u00e9cialis\u00e9es. Il en r\u00e9sulte le plus grand r\u00e9seau de sciences humaines et sociales en Suisse. L&rsquo;ASSH a \u00e9t\u00e9 fond\u00e9e en 1946 et est aujourd&rsquo;hui une institution reconnue par la Conf\u00e9d\u00e9ration pour l&rsquo;encouragement de la recherche. Transmettre, mettre en r\u00e9seau et promouvoir sont les t\u00e2ches principales de l&rsquo;ASSH. Avec ses projets \u00e0 long terme, elle met en outre \u00e0 disposition des infrastructures pour la recherche en sciences humaines et sociales. Gr\u00e2ce \u00e0 ses contributions financi\u00e8res aux co\u00fbts de production de <em>traverse<\/em>, l&rsquo;ASSH permet \u00e0 la revue de continuer \u00e0 exister.<\/p>\n\n\n\n<h2 class=\"wp-block-heading\"><strong>E-Periodica<\/strong><\/h2>\n\n\n\n<p><a href=\"http:\/\/www.e-periodica.ch\" target=\"_blank\" rel=\"noreferrer noopener\">www.e-periodica.ch<\/a><\/p>\n\n\n\n<p>E-Periodica est une offre de l&rsquo;ETH Zurich. Des questions relatives \u00e0 la disponibilit\u00e9 \u00e0 long terme de contenus scientifiques sous forme num\u00e9rique sont trait\u00e9es dans le module E-Archiving. Un des sous-projets consiste \u00e0 num\u00e9riser des revues imprim\u00e9es ayant un lien avec la Suisse. La mise \u00e0 disposition sur Internet am\u00e9liore l&rsquo;accessibilit\u00e9 et la diffusion de leurs contenus. Depuis mars 2009, <em>traverse<\/em> est disponible sur e-periodica.ch avec un <em>moving wall<\/em> de 12 mois.<br><\/p>\n","protected":false},"excerpt":{"rendered":"<p>\u00c9ditions Chronos www.chronos-verlag.ch Co-initiateur de traverse et \u00e9diteur depuis le d\u00e9but de la revue. Soci\u00e9t\u00e9 suisse d&rsquo;histoire SSH www.sgg-ssh.ch La Soci\u00e9t\u00e9 suisse d&rsquo;histoire (SSH) est l&rsquo;association fa\u00eeti\u00e8re nationale des historien\u00b7ne\u00b7s suisses. Elle compte pr\u00e8s de 1&rsquo;400 membres individuels et 10 institutions sp\u00e9cialis\u00e9es dans les sciences historiques. Elle d\u00e9fend les int\u00e9r\u00eats de l\u2019histoire dans la politique [&hellip;]<\/p>\n","protected":false},"author":1,"featured_media":0,"parent":5218,"menu_order":30,"comment_status":"closed","ping_status":"closed","template":"","meta":{"footnotes":""},"class_list":["post-5378","page","type-page","status-publish","hentry"],"_links":{"self":[{"href":"https:\/\/revue-traverse.ch\/fr\/wp-json\/wp\/v2\/pages\/5378","targetHints":{"allow":["GET"]}}],"collection":[{"href":"https:\/\/revue-traverse.ch\/fr\/wp-json\/wp\/v2\/pages"}],"about":[{"href":"https:\/\/revue-traverse.ch\/fr\/wp-json\/wp\/v2\/types\/page"}],"author":[{"embeddable":true,"href":"https:\/\/revue-traverse.ch\/fr\/wp-json\/wp\/v2\/users\/1"}],"replies":[{"embeddable":true,"href":"https:\/\/revue-traverse.ch\/fr\/wp-json\/wp\/v2\/comments?post=5378"}],"version-history":[{"count":5,"href":"https:\/\/revue-traverse.ch\/fr\/wp-json\/wp\/v2\/pages\/5378\/revisions"}],"predecessor-version":[{"id":5711,"href":"https:\/\/revue-traverse.ch\/fr\/wp-json\/wp\/v2\/pages\/5378\/revisions\/5711"}],"up":[{"embeddable":true,"href":"https:\/\/revue-traverse.ch\/fr\/wp-json\/wp\/v2\/pages\/5218"}],"wp:attachment":[{"href":"https:\/\/revue-traverse.ch\/fr\/wp-json\/wp\/v2\/media?parent=5378"}],"curies":[{"name":"wp","href":"https:\/\/api.w.org\/{rel}","templated":true}]}}