{"id":5385,"date":"2021-10-07T08:10:42","date_gmt":"2021-10-07T08:10:42","guid":{"rendered":"https:\/\/traverse.e-hist.ch\/proposer-un-article\/open-access\/"},"modified":"2022-05-28T13:29:58","modified_gmt":"2022-05-28T13:29:58","slug":"open-access","status":"publish","type":"page","link":"https:\/\/revue-traverse.ch\/fr\/proposer-un-article\/open-access\/","title":{"rendered":"Open Access"},"content":{"rendered":"\n<p>Conform\u00e9ment aux directives de l&rsquo;Acad\u00e9mie suisse des sciences humaines et sociales (ASSH), <em>traverse<\/em> permet \u00e0 ses auteur\u00b7e\u00b7s de mettre \u00e0 disposition leurs contributions 12 mois apr\u00e8s leur publication dans une archive institutionnelle en ligne (<em>repository<\/em>) de leur choix. Les contributions sont alors disponibles sous la <a href=\"https:\/\/creativecommons.org\/licenses\/by-nc-nd\/4.0\/deed.de\" target=\"_blank\" rel=\"noreferrer noopener\">licence CC-BY-NC-ND<\/a>.<\/p>\n","protected":false},"excerpt":{"rendered":"<p>Conform\u00e9ment aux directives de l&rsquo;Acad\u00e9mie suisse des sciences humaines et sociales (ASSH), traverse permet \u00e0 ses auteur\u00b7e\u00b7s de mettre \u00e0 disposition leurs contributions 12 mois apr\u00e8s leur publication dans une archive institutionnelle en ligne (repository) de leur choix. Les contributions sont alors disponibles sous la licence CC-BY-NC-ND.<\/p>\n","protected":false},"author":1,"featured_media":0,"parent":5360,"menu_order":15,"comment_status":"closed","ping_status":"closed","template":"","meta":{"footnotes":""},"class_list":["post-5385","page","type-page","status-publish","hentry"],"_links":{"self":[{"href":"https:\/\/revue-traverse.ch\/fr\/wp-json\/wp\/v2\/pages\/5385","targetHints":{"allow":["GET"]}}],"collection":[{"href":"https:\/\/revue-traverse.ch\/fr\/wp-json\/wp\/v2\/pages"}],"about":[{"href":"https:\/\/revue-traverse.ch\/fr\/wp-json\/wp\/v2\/types\/page"}],"author":[{"embeddable":true,"href":"https:\/\/revue-traverse.ch\/fr\/wp-json\/wp\/v2\/users\/1"}],"replies":[{"embeddable":true,"href":"https:\/\/revue-traverse.ch\/fr\/wp-json\/wp\/v2\/comments?post=5385"}],"version-history":[{"count":4,"href":"https:\/\/revue-traverse.ch\/fr\/wp-json\/wp\/v2\/pages\/5385\/revisions"}],"predecessor-version":[{"id":5750,"href":"https:\/\/revue-traverse.ch\/fr\/wp-json\/wp\/v2\/pages\/5385\/revisions\/5750"}],"up":[{"embeddable":true,"href":"https:\/\/revue-traverse.ch\/fr\/wp-json\/wp\/v2\/pages\/5360"}],"wp:attachment":[{"href":"https:\/\/revue-traverse.ch\/fr\/wp-json\/wp\/v2\/media?parent=5385"}],"curies":[{"name":"wp","href":"https:\/\/api.w.org\/{rel}","templated":true}]}}