{"id":5534,"date":"2022-04-21T08:36:51","date_gmt":"2022-04-21T08:36:51","guid":{"rendered":"https:\/\/traverse.e-hist.ch\/rubriken\/"},"modified":"2026-02-11T11:24:03","modified_gmt":"2026-02-11T11:24:03","slug":"rubriken","status":"publish","type":"page","link":"https:\/\/revue-traverse.ch\/fr\/rubriken\/","title":{"rendered":"Rubriques"},"content":{"rendered":"\n<p class=\"has-large-font-size\">Chaque num\u00e9ro de traverse est consacr\u00e9 \u00e0 un th\u00e8me particuli\u00e8re. En outre, il existe des rubriques, aux formats vari\u00e9s, qui abordent des ph\u00e9nom\u00e8nes historiques dans leur diversit\u00e9.<\/p>\n\n\n\n<h2 class=\"wp-block-heading\" id=\"schwerpunkt\">Dossiers th\u00e9matiques<\/h2>\n\n\n\n<p>La r\u00e9daction de <em>traverse<\/em> choisit pour chaque num\u00e9ro un th\u00e8me particulier dont les membres de la r\u00e9daction (et parfois des invit\u00e9\u00b7e\u00b7s) sont responsables en tant qu&rsquo;\u00e9diteurs et \u00e9ditrices. Ces dossiers th\u00e9matiques abordent en g\u00e9n\u00e9ral de nouvelles approches de recherche, des questions et des d\u00e9bats actuels au sein de l\u2019histoire. L\u2019\u00e9ditorial pr\u00e9sente de mani\u00e8re synth\u00e9tiques les nouvelles orientations et approches de la recherche sur la th\u00e9matique choisie au regard de l&rsquo;historiographie existante, ainsi que les diff\u00e9rentes contributions. Suivent ensuite entre cinq et huit articles (d&rsquo;environ 30&rsquo;000 signes) qui couvrent de mani\u00e8re large le th\u00e8me principal et offrent ainsi un aper\u00e7u de la recherche sur celui-ci. La plupart du temps, l\u2019article Images (voir ci-dessous) et les recensions th\u00e9matiques compl\u00e8tent le dossier th\u00e9matique.<\/p>\n\n\n\n<p>Les auteur\u00b7e\u00b7s potentiel\u00b7le\u00b7s sont sollicit\u00e9s soit par un appel \u00e0 contributions, soit par une demande directe. Les contributions pour le th\u00e8me principal sont s\u00e9lectionn\u00e9es par l&rsquo;\u00e9quipe \u00e9ditoriale. Les auteur\u00b7e\u00b7s sont encadr\u00e9\u00b7e\u00b7s par les \u00e9diteurs et \u00e9ditrices. Une fois que toutes les contributions ont \u00e9t\u00e9 re\u00e7ues et lues une premi\u00e8re fois par les \u00e9diteurs et \u00e9ditrices, des propositions de r\u00e9vision sont envoy\u00e9es aux auteur\u00b7e\u00b7s. Toutes les contributions sont ensuite soumises \u00e0 une proc\u00e9dure de <em>double blind<\/em> <em>peer review<\/em>.<\/p>\n\n\n\n<p>En r\u00e8gle g\u00e9n\u00e9rale, il s&rsquo;\u00e9coule environ 18 mois entre l\u2019appel \u00e0 contributions et la parution du cahier. Un calendrier d\u00e9taill\u00e9 est communiqu\u00e9 aux auteur\u00b7e\u00b7s au d\u00e9but du processus d&rsquo;\u00e9criture.<\/p>\n\n\n\n<h2 class=\"wp-block-heading\" id=\"bildbeitrag\">Images<\/h2>\n\n\n\n<p>Dans la rubrique Images, des images historiques, des photos ou d&rsquo;autres mat\u00e9riels visuels (par exemple des extraits de films) sont publi\u00e9s sur un th\u00e8me historique ou actuel qui pr\u00e9sente un lien avec l&rsquo;histoire, accompagn\u00e9s d&rsquo;un texte explicatif. La contribution en images fait souvent partie du th\u00e8me principal du num\u00e9ro. L\u2019article est relu par les \u00e9diteurs et \u00e9ditrices du dossier th\u00e9matique et par un autre membre de la r\u00e9daction.<\/p>\n\n\n\n<p>Les \u00e9bauches de projet sont les bienvenues et \u00e0 adresser aux \u00e9diteurs et \u00e9ditrices du dossier th\u00e9matique ou \u00e0 l&rsquo;adresse de contact de la r\u00e9daction.<\/p>\n\n\n\n<p><\/p>\n\n\n\n<h2 class=\"wp-block-heading\" id=\"portrat-essay\">Portrait \/ Essai<\/h2>\n\n\n\n<p>La rubrique \u00abPortrait\/Essai\u00bb pr\u00e9sente des projets, des centres de recherche, des instituts et des personnes qui apportent ou ont apport\u00e9 une contribution \u00e0 la recherche historique (en Suisse) et dans des domaines apparent\u00e9s. C&rsquo;est \u00e9galement un espace pr\u00e9sentant des interviews de chercheur\u00b7e\u00b7s et de personnalit\u00e9s issues des milieux culturels. Cette rubrique contient des textes courts de 18&rsquo;000 signes au maximum (soit environ 6 \u00e0 7 pages, y compris la reproduction d&rsquo;illustrations). La relecture est assur\u00e9e par les responsables de la rubrique et un autre membre de la r\u00e9daction.<\/p>\n\n\n\n<p>Si vous avez des propositions pour cette rubrique, vous pouvez vous adresser aux responsables de la rubrique.<\/p>\n\n\n\n<p><strong>Responsables:<\/strong>&nbsp;<a href=\"mailto: stephanie.ginalski@revue-traverse.ch\">St\u00e9phanie Ginalski<\/a>, <a href=\"mailto: thibaud.giddey@revue-traverse.ch\">Thibaud Giddey<\/a>, <a href=\"mailto: sarah.schober@revue-traverse.ch\">Sarah-Maria Schober<\/a>, <a href=\"mailto: leo.grob@revue-traverse.ch\">Leo Grob<\/a><\/p>\n\n\n\n<p><\/p>\n\n\n\n<h2 class=\"wp-block-heading\" id=\"freier-artikel\">Article libre <\/h2>\n\n\n\n<p>La rubrique \u00abArticle libre\u00bb publie des articles soumis librement, sans contrainte de contenu. Les personnes int\u00e9ress\u00e9es peuvent s&rsquo;adresser directement \u00e0 l&rsquo;un\u00b7e des responsables de la rubrique avec une proposition d&rsquo;article ou un article achev\u00e9. La longueur de l&rsquo;article est limit\u00e9e \u00e0 38&rsquo;000 caract\u00e8res (voir aussi la <a href=\"https:\/\/revue-traverse.ch\/fr\/proposer-un-article\/formale-vorgaben-fuer-traverse\/\">feuille de style<\/a>).<\/p>\n\n\n\n<p>Les articles sont \u00e9valu\u00e9s et discut\u00e9s de mani\u00e8re anonyme par tous les membres de la r\u00e9daction (<em>Blind Peer Review<\/em>) et la d\u00e9cision de publier un article est prise par l&rsquo;ensemble de la r\u00e9daction. Elle fait \u00e9galement des propositions de remaniement qui sont communiqu\u00e9es aux auteur\u00b7e\u00b7s par les responsables de rubrique. Gr\u00e2ce \u00e0 cette proc\u00e9dure de <em>peer review<\/em>, qui a fait ses preuves depuis des ann\u00e9es, <em>traverse<\/em> assure la qualit\u00e9 des articles publi\u00e9s.<\/p>\n\n\n\n<p>Le d\u00e9lai entre la soumission d&rsquo;une premi\u00e8re version de l&rsquo;article et sa publication est de 6 \u00e0 18 mois, en fonction du planning du num\u00e9ro et de la proc\u00e9dure d&rsquo;\u00e9valuation.<\/p>\n\n\n\n<p><strong>Responsables:<\/strong>&nbsp;<a href=\"mailto: matthieu.gillabert@revue-traverse.ch\">Matthieu Gillabert<\/a>; <a href=\"mailto: pierre.eichenberger@revue-traverse.ch\">Pierre Eichenberger<\/a>, <a href=\"mailto: tina.asmussen@revue-traverse.ch\">Tina Asmussen<\/a><\/p>\n\n\n\n<p><\/p>\n\n\n\n<h2 class=\"wp-block-heading\" id=\"dokument\">Document<\/h2>\n\n\n\n<p>Dans la rubrique \u00abDocument\u00bb sont publi\u00e9s des articles sur des sources individuelles. Le point de d\u00e9part de l&rsquo;article doit \u00eatre la source choisie, qui est reproduite int\u00e9gralement ou sous forme d&rsquo;extraits. Un bref commentaire pr\u00e9sente le contexte historique de production du document. La rubrique est ouverte \u00e0 diff\u00e9rentes th\u00e9matiques et couvre toutes les \u00e9poques historiques.<\/p>\n\n\n\n<p>Les contributions pour cette rubrique doivent \u00eatre con\u00e7ues comme des textes courts de 22&rsquo;000 signes maximum (soit environ 8 pages, y compris la reproduction de la source).<\/p>\n\n\n\n<p>Le suivi est assur\u00e9 par les responsables de rubrique. Un autre membre de la r\u00e9daction relit l&rsquo;article avant sa publication.<\/p>\n\n\n\n<p>Si vous avez des propositions pour cette rubrique, vous pouvez vous adresser aux responsables de la rubrique.<\/p>\n\n\n\n<p><strong>Responsables:<\/strong> <a href=\"mailto:pauline.milani@revue-traverse.ch\">Pauline Milani<\/a>, <a href=\"mailto:anja.rathmann@revue-traverse.ch\">Anja Rathmann-Lutz<\/a><\/p>\n\n\n\n<p>&nbsp;<\/p>\n\n\n\n<h2 class=\"wp-block-heading\" id=\"debat\">D\u00e9bat<\/h2>\n\n\n\n<p>La rubrique \u00abD\u00e9bat\u00bb a pour but d&rsquo;offrir des pistes de r\u00e9flexion sur des enjeux historiques, que ce soit dans le domaine acad\u00e9mique ou dans la soci\u00e9t\u00e9 en g\u00e9n\u00e9ral. &nbsp;Les contributions peuvent porter sur des th\u00e8mes actuels de l\u2019histoire et de la politique, mais aussi sur des questions th\u00e9oriques et<a> <\/a>conceptuelles. Les textes comprennent au maximum 45&rsquo;000 signes (soit environ 16 \u00e0 17 pages, y compris la reproduction d&rsquo;illustrations) et peuvent \u00e9galement se pr\u00e9senter sous la forme d\u2019un essai.<\/p>\n\n\n\n<p>Les contributions sont soumises \u00e0 un processus d&rsquo;\u00e9valuation par les pairs, coordonn\u00e9 par le comit\u00e9 de r\u00e9daction dans son ensemble.<\/p>\n\n\n\n<p>Pour toute proposition concernant cette rubrique, vous pouvez vous adresser aux responsables de la rubrique.<\/p>\n\n\n\n<p><strong>Responsables:<\/strong> <a href=\"mailto:matthieu.gillabert@revue-traverse.ch\">Matthieu Gillabert<\/a>, <a href=\"mailto:isabelle.schuerch@revue-traverse.ch\">Isabelle Sch\u00fcrch<\/a> <a href=\"https:\/\/revue-traverse.ch\/person\/ruoss-matthias\/\" data-type=\"link\" data-id=\"https:\/\/revue-traverse.ch\/person\/ruoss-matthias\/\">Matthias Ruoss<\/a><\/p>\n\n\n\n<p><\/p>\n\n\n\n<h2 class=\"wp-block-heading\" id=\"literatur-zum-thema\">Comptes rendus<\/h2>\n\n\n\n<p>La rubrique bilingue des comptes rendus, lieu d&rsquo;information et de critique, constitue une partie importante de <em>traverse<\/em>. Chaque num\u00e9ro contient environ 30 pages de recensions, divis\u00e9es en deux parties.<br><\/p>\n\n\n\n<p><strong>Comptes rendus th\u00e9matiques<\/strong><\/p>\n\n\n\n<p>Il s&rsquo;agit ici de la litt\u00e9rature r\u00e9cente sur le th\u00e8me du dossier. Comme pour la conception du dossier th\u00e9matique, un \u00e9ventail large et international d\u2019ouvrages est pr\u00e9sent\u00e9 de mani\u00e8re critique.<\/p>\n\n\n\n<p>Vous pouvez adresser vos propositions aux \u00e9diteurs et \u00e9ditrices du dossier th\u00e9matique concern\u00e9.<\/p>\n\n\n\n<p><br><strong>Comptes rendus g\u00e9n\u00e9raux<\/strong><br>Pour les comptes rendus g\u00e9n\u00e9raux, la s\u00e9lection s&rsquo;oriente en premier lieu vers les nouvelles publications sur l&rsquo;histoire de la Suisse, ainsi que vers les productions d\u2019historien\u00b7ne\u00b7s en Suisse. D&rsquo;autres titres sont \u00e9galement pris en compte de mani\u00e8re ponctuelle.<\/p>\n\n\n\n<p>Les propositions pour cette rubrique sont les bienvenues et \u00e0 adresser aux responsables de la rubrique: <a href=\"mailto: maria.tranter@revue-traverse.ch\">Maria Tranter<\/a>, <a href=\"mailto: sabine.pitteloud@revue-traverse.ch\">Sabine Pitteloud<\/a>, <a href=\"mailto: Tiphaine.Robert@revue-traverse.ch\">Tiphaine Robert<\/a>, <a href=\"mailto: Jamieson.Myles@revue-traverse.ch\">Jamieson G. Myles<\/a> et <a href=\"mailto: mirjam.janett@revue-traverse.ch\">Mirjam Janett<\/a>.<\/p>\n\n\n\n<p>Nous n&rsquo;acceptons pas de comptes rendus spontan\u00e9s r\u00e9dig\u00e9s sans accord pr\u00e9alable des responsables de la rubrique. Nous vous prions \u00e9galement de ne pas envoyer les exemplaires \u00e0 recenser aux responsables de la rubrique. D\u00e8s que nous aurons trouv\u00e9 les auteur\u00b7e\u00b7s pour effectuer la recension de votre livre, nous contacterons les \u00e9diteurs afin d\u2019organiser l&rsquo;envoi de l\u2019exemplaire.<\/p>\n\n\n\n<p><\/p>\n\n\n\n<h2 class=\"wp-block-heading\"><strong>R\u00e9daction en ligne et m\u00e9dias sociaux<\/strong><\/h2>\n\n\n\n<p><em>traverse <\/em>para\u00eet trois fois par an sous sa forme de cahier color\u00e9 (vert, orange, bleu).<br>En outre, <em>traverse+<\/em> propose \u00e9galement du mat\u00e9riel suppl\u00e9mentaire et du <em>online only content<\/em> dans les Highlights ou sur le blog.<br>Les remarques sur les \u00e9v\u00e9nements et discussions actuels ainsi que les id\u00e9es de pi\u00e8ces en ligne peuvent nous \u00eatre envoy\u00e9es \u00e0 tout moment par <a href=\"mailto: info@revue-traverse.ch\">mail<\/a>.<\/p>\n\n\n\n<p><strong>Responsables:<\/strong> <a href=\"mailto:%20Tina.Asmussen@revue-traverse.ch\">Tina Asmussen<\/a>, <a href=\"mailto: marino.ferri@revue.traverse.ch\">Marino Ferri<\/a>, <a href=\"mailto:stephanie.ginalski@revue-traverse.ch\">St\u00e9phanie Ginalski<\/a>, <a href=\"mailto:anja.rathmann@revue-traverse.ch\">Anja Rathmann Lutz<\/a>, <a href=\"mailto:isabelle.schuerch@revue-traverse.ch\">Isabelle Sch\u00fcrch<\/a><\/p>\n","protected":false},"excerpt":{"rendered":"<p>Chaque num\u00e9ro de traverse est consacr\u00e9 \u00e0 un th\u00e8me particuli\u00e8re. En outre, il existe des rubriques, aux formats vari\u00e9s, qui abordent des ph\u00e9nom\u00e8nes historiques dans leur diversit\u00e9. Dossiers th\u00e9matiques La r\u00e9daction de traverse choisit pour chaque num\u00e9ro un th\u00e8me particulier dont les membres de la r\u00e9daction (et parfois des invit\u00e9\u00b7e\u00b7s) sont responsables en tant qu&rsquo;\u00e9diteurs [&hellip;]<\/p>\n","protected":false},"author":1,"featured_media":0,"parent":0,"menu_order":20,"comment_status":"closed","ping_status":"closed","template":"","meta":{"footnotes":""},"class_list":["post-5534","page","type-page","status-publish","hentry"],"_links":{"self":[{"href":"https:\/\/revue-traverse.ch\/fr\/wp-json\/wp\/v2\/pages\/5534","targetHints":{"allow":["GET"]}}],"collection":[{"href":"https:\/\/revue-traverse.ch\/fr\/wp-json\/wp\/v2\/pages"}],"about":[{"href":"https:\/\/revue-traverse.ch\/fr\/wp-json\/wp\/v2\/types\/page"}],"author":[{"embeddable":true,"href":"https:\/\/revue-traverse.ch\/fr\/wp-json\/wp\/v2\/users\/1"}],"replies":[{"embeddable":true,"href":"https:\/\/revue-traverse.ch\/fr\/wp-json\/wp\/v2\/comments?post=5534"}],"version-history":[{"count":21,"href":"https:\/\/revue-traverse.ch\/fr\/wp-json\/wp\/v2\/pages\/5534\/revisions"}],"predecessor-version":[{"id":9695,"href":"https:\/\/revue-traverse.ch\/fr\/wp-json\/wp\/v2\/pages\/5534\/revisions\/9695"}],"wp:attachment":[{"href":"https:\/\/revue-traverse.ch\/fr\/wp-json\/wp\/v2\/media?parent=5534"}],"curies":[{"name":"wp","href":"https:\/\/api.w.org\/{rel}","templated":true}]}}