{"id":5540,"date":"2021-10-07T08:33:08","date_gmt":"2021-10-07T08:33:08","guid":{"rendered":"https:\/\/traverse.e-hist.ch\/bestellungen\/"},"modified":"2022-04-24T13:54:08","modified_gmt":"2022-04-24T13:54:08","slug":"bestellungen","status":"publish","type":"page","link":"https:\/\/revue-traverse.ch\/fr\/bestellungen\/","title":{"rendered":"Commandes"},"content":{"rendered":"\n<p class=\"has-large-font-size\"><em>traverse<\/em>\u00a0para\u00eet trois fois par ann\u00e9e aux \u00e9ditions Chronos \u00e0 Zurich.<\/p>\n\n\n\n<h2 class=\"wp-block-heading\">Abonnement (papier et digital)<\/h2>\n\n\n\n<h3 class=\"wp-block-heading\">Prix de l&rsquo;abonnement<\/h3>\n\n\n\n<figure class=\"wp-block-table\"><table><tbody><tr><td>Suisse et Liechtenstein<\/td><td>75.00 CHF (frais de port inclus)<\/td><\/tr><tr><td>Europe<\/td><td>75.00 CHF (+ 10.50 CHF frais de port)<br>60.00 EUR (+ \u00a0 7.50 EUR frais de port)<\/td><\/tr><tr><td>Abonnement \u00e9tudiant.e*<\/td><td>54.00 CHF<\/td><\/tr><\/tbody><\/table><\/figure>\n\n\n\n<h2 class=\"wp-block-heading\">Abonnement (seulement digital)<\/h2>\n\n\n\n<h3 class=\"wp-block-heading\">Prix de l&rsquo;abonnement<\/h3>\n\n\n\n<figure class=\"wp-block-table\"><table><tbody><tr><td>Suisse et Liechtenstein<\/td><td>50.00 CHF<\/td><\/tr><tr><td>Europe<\/td><td>50.00 CHF \/&nbsp;45.00 EUR<\/td><\/tr><tr><td>Abonnement \u00e9tudiant.e*<\/td><td>25.00 CHF \/ 20 EUR<\/td><\/tr><\/tbody><\/table><\/figure>\n\n\n\n<p>*) Commande avec copie de la carte d&rsquo;\u00e9tudiant.e \u00e0 Chronos:\u00a0<a href=\"mailto:info@chronos-verlag.ch\">info@chronos-verlag.ch<\/a><\/p>\n\n\n\n<p>Vous souhaitez soutenir la\u00a0<em>traverse<\/em>\u00a0? Alors commandez un abonnement de m\u00e9c\u00e9nat pour Fr. 100 (num\u00e9rique et\/ou imprim\u00e9) !<\/p>\n\n\n\n<h3 class=\"wp-block-heading\">Commander<\/h3>\n\n\n\n<p><a href=\"https:\/\/www.chronos-verlag.ch\/node\/14273\">Commander en ligne (Chronos)<\/a><\/p>\n\n\n\n<h2 class=\"wp-block-heading\">Vente au num\u00e9ro<\/h2>\n\n\n\n<p>Chaque num\u00e9ro co\u00fbte 28.00 CHF ou environ 24.00 EUR (digital: 20 CHF \/ 20 EUR)<\/p>\n\n\n\n<p><strong><strong>Offre sp\u00e9ciale: Les quatre cahiers historiographiques (histoire \u00e9conomique, sociale, culturelle et politique, 2010-2013) pour 60 CHF \/ 50 EUR!<\/strong><\/strong><br><a href=\"https:\/\/revue-traverse.ch\/wp-content\/uploads\/2021\/10\/histspezialheftemail_2013.pdf\">Formulaire de commande<\/a><\/p>\n","protected":false},"excerpt":{"rendered":"<p>traverse\u00a0para\u00eet trois fois par ann\u00e9e aux \u00e9ditions Chronos \u00e0 Zurich. Abonnement (papier et digital) Prix de l&rsquo;abonnement Suisse et Liechtenstein 75.00 CHF (frais de port inclus) Europe 75.00 CHF (+ 10.50 CHF frais de port)60.00 EUR (+ \u00a0 7.50 EUR frais de port) Abonnement \u00e9tudiant.e* 54.00 CHF Abonnement (seulement digital) Prix de l&rsquo;abonnement Suisse et [&hellip;]<\/p>\n","protected":false},"author":1,"featured_media":0,"parent":0,"menu_order":35,"comment_status":"closed","ping_status":"closed","template":"","meta":{"footnotes":""},"class_list":["post-5540","page","type-page","status-publish","hentry"],"_links":{"self":[{"href":"https:\/\/revue-traverse.ch\/fr\/wp-json\/wp\/v2\/pages\/5540","targetHints":{"allow":["GET"]}}],"collection":[{"href":"https:\/\/revue-traverse.ch\/fr\/wp-json\/wp\/v2\/pages"}],"about":[{"href":"https:\/\/revue-traverse.ch\/fr\/wp-json\/wp\/v2\/types\/page"}],"author":[{"embeddable":true,"href":"https:\/\/revue-traverse.ch\/fr\/wp-json\/wp\/v2\/users\/1"}],"replies":[{"embeddable":true,"href":"https:\/\/revue-traverse.ch\/fr\/wp-json\/wp\/v2\/comments?post=5540"}],"version-history":[{"count":1,"href":"https:\/\/revue-traverse.ch\/fr\/wp-json\/wp\/v2\/pages\/5540\/revisions"}],"predecessor-version":[{"id":5542,"href":"https:\/\/revue-traverse.ch\/fr\/wp-json\/wp\/v2\/pages\/5540\/revisions\/5542"}],"wp:attachment":[{"href":"https:\/\/revue-traverse.ch\/fr\/wp-json\/wp\/v2\/media?parent=5540"}],"curies":[{"name":"wp","href":"https:\/\/api.w.org\/{rel}","templated":true}]}}