{"id":5544,"date":"2021-04-12T15:10:46","date_gmt":"2021-04-12T15:10:46","guid":{"rendered":"https:\/\/traverse.e-hist.ch\/kontakt\/"},"modified":"2024-06-14T07:12:05","modified_gmt":"2024-06-14T07:12:05","slug":"kontakt","status":"publish","type":"page","link":"https:\/\/revue-traverse.ch\/fr\/kontakt\/","title":{"rendered":"Contact"},"content":{"rendered":"\n<h2 class=\"wp-block-heading\" id=\"traverse\">traverse<\/h2>\n\n\n\n<p>c\/o Departement Geschichte, M. Ferri<br>Hirschg\u00e4sslein 21<br>CH-4051 Basel<br><a href=\"mailto:info@revue-traverse.ch\">info@revue-traverse.ch<\/a><\/p>\n\n\n\n<h2 class=\"wp-block-heading\" id=\"verlag\">\u00c9diteur<\/h2>\n\n\n\n<p>Chronos Verlag<br>Eisengasse 9<br>CH-8008 Z\u00fcrich<br>Tel. +41 (0)44 265 43 43<br><a href=\"mailto:info@chronos-verlag.ch\">info@chronos-verlag.ch<\/a><\/p>\n\n\n\n<h2 class=\"wp-block-heading\" id=\"abo-service\">Service d&rsquo;abonnements<\/h2>\n\n\n\n<p><a href=\"mailto:info@chronos-verlag.ch\">info@chronos-verlag.ch<\/a><br>Tel. +41 (0)44 265 43 43<\/p>\n\n\n\n<div style=\"height:30px\" aria-hidden=\"true\" class=\"wp-block-spacer\"><\/div>\n","protected":false},"excerpt":{"rendered":"<p>traverse c\/o Departement Geschichte, M. FerriHirschg\u00e4sslein 21CH-4051 Baselinfo@revue-traverse.ch \u00c9diteur Chronos VerlagEisengasse 9CH-8008 Z\u00fcrichTel. +41 (0)44 265 43 43info@chronos-verlag.ch Service d&rsquo;abonnements info@chronos-verlag.chTel. +41 (0)44 265 43 43<\/p>\n","protected":false},"author":1,"featured_media":0,"parent":0,"menu_order":37,"comment_status":"closed","ping_status":"closed","template":"","meta":{"footnotes":""},"class_list":["post-5544","page","type-page","status-publish","hentry"],"_links":{"self":[{"href":"https:\/\/revue-traverse.ch\/fr\/wp-json\/wp\/v2\/pages\/5544","targetHints":{"allow":["GET"]}}],"collection":[{"href":"https:\/\/revue-traverse.ch\/fr\/wp-json\/wp\/v2\/pages"}],"about":[{"href":"https:\/\/revue-traverse.ch\/fr\/wp-json\/wp\/v2\/types\/page"}],"author":[{"embeddable":true,"href":"https:\/\/revue-traverse.ch\/fr\/wp-json\/wp\/v2\/users\/1"}],"replies":[{"embeddable":true,"href":"https:\/\/revue-traverse.ch\/fr\/wp-json\/wp\/v2\/comments?post=5544"}],"version-history":[{"count":2,"href":"https:\/\/revue-traverse.ch\/fr\/wp-json\/wp\/v2\/pages\/5544\/revisions"}],"predecessor-version":[{"id":8926,"href":"https:\/\/revue-traverse.ch\/fr\/wp-json\/wp\/v2\/pages\/5544\/revisions\/8926"}],"wp:attachment":[{"href":"https:\/\/revue-traverse.ch\/fr\/wp-json\/wp\/v2\/media?parent=5544"}],"curies":[{"name":"wp","href":"https:\/\/api.w.org\/{rel}","templated":true}]}}