{"id":8378,"date":"2023-02-27T09:14:10","date_gmt":"2023-02-27T09:14:10","guid":{"rendered":"https:\/\/revue-traverse.ch\/?page_id=8378"},"modified":"2024-04-20T11:42:27","modified_gmt":"2024-04-20T11:42:27","slug":"les-ami%c2%b7e%c2%b7s-de-traverse","status":"publish","type":"page","link":"https:\/\/revue-traverse.ch\/fr\/les-ami%c2%b7e%c2%b7s-de-traverse\/","title":{"rendered":"Les ami\u00b7e\u00b7s de <i>traverse<\/i>"},"content":{"rendered":"\n<p><strong>Nous remercions<\/strong><\/p>\n\n\n\n<p>Elisabeth Joris<\/p>\n\n\n\n<p>Hans-Ulrich Jost<\/p>\n\n\n\n<p>Matthieu Leimgruber<\/p>\n\n\n\n<p>et<\/p>\n\n\n\n<p>le D\u00e9partement d&rsquo;histoire contemporaine de l&rsquo;Universit\u00e9 de Fribourg<\/p>\n\n\n\n<p>la Section d&rsquo;histoire de l&rsquo;Universit\u00e9 de Lausanne<\/p>\n\n\n\n<p>le D\u00e9partement d&rsquo;histoire de l&rsquo;Universit\u00e9 de B\u00e2le<\/p>\n\n\n\n<p>l&rsquo;Institut d&rsquo;histoire\u00a0de l&rsquo;Universit\u00e9 de Neuch\u00e2tel<\/p>\n\n\n\n<p>&#8230;<\/p>\n\n\n\n<p>ainsi que tous les autres bienfaitrices et bienfaiteurs <strong>pour leur engagement g\u00e9n\u00e9reux en faveur de <em>traverse<\/em><\/strong>!<\/p>\n\n\n\n<p>Vous pouvez soutenir <em>traverse<\/em> <a rel=\"noreferrer noopener\" href=\"https:\/\/revue-traverse.ch\/wp-content\/uploads\/2023\/02\/QR_Einzahlungsschein.pdf\" target=\"_blank\">en faisant une donation ponctuelle ou r\u00e9guli\u00e8re<\/a>, ou <a rel=\"noreferrer noopener\" href=\"https:\/\/www.chronos-verlag.ch\/node\/14273\" target=\"_blank\">en souscrivant un abonnement de m\u00e9c\u00e8ne aupr\u00e8s des \u00e9ditions Chronos<\/a>.<\/p>\n\n\n\n<p><\/p>\n\n\n\n<p id=\"why\">Depuis 1994,\u00a0<em>traverse<\/em>\u00a0est l\u2019une des revues les plus importantes pour les sciences historiques en Suisse. Elle offre aux jeunes chercheurs\u00b7ses comme aux chercheurs\u00b7ses confirm\u00e9\u00b7e\u00b7s de toutes les r\u00e9gions linguistiques une possibilit\u00e9 attrayante de publier les r\u00e9sultats de leurs recherches. En tant que projet intellectuel,\u00a0<em>traverse<\/em>\u00a0apporte une contribution pr\u00e9cieuse \u00e0 la diversit\u00e9 des publications et des d\u00e9bats historiques pour les lecteurs\u00b7trices, les auteur\u00b7e\u00b7s, mais aussi pour les membres pass\u00e9\u00b7e\u00b7s et pr\u00e9sent\u00b7e\u00b7s de la r\u00e9daction. (&#8230;)<\/p>\n\n\n\n<p>Dans le cadre des dispositions de Swiss Open Science, tous les articles publi\u00e9s dans\u00a0<em>traverse<\/em>\u00a0devront, \u00e0 partir de 2025, \u00eatre mis \u00e0 disposition librement, sans barri\u00e8re payante. En tant que r\u00e9daction, nous saluons cette d\u00e9marche, mais le passage au Green OA implique \u00e9galement des co\u00fbts importants dans la production de la revue, car nous ne pouvons pas nous passer d\u2019un travail d\u2019\u00e9dition professionnel (relecture, mise en page, distribution, publicit\u00e9). Cela signifie que nous sommes confront\u00e9s \u00e0 de grands d\u00e9fis financiers.<\/p>\n\n\n\n<p class=\"has-text-align-right\"><a href=\"https:\/\/revue-traverse.ch\/wp-content\/uploads\/2023\/02\/Anschreiben_HOMEPAGE_frz.pdf\" target=\"_blank\" rel=\"noreferrer noopener\">&#8230; lisez la lettre <\/a>(mars 2023)<\/p>\n","protected":false},"excerpt":{"rendered":"<p>Nous remercions Elisabeth Joris Hans-Ulrich Jost Matthieu Leimgruber et le D\u00e9partement d&rsquo;histoire contemporaine de l&rsquo;Universit\u00e9 de Fribourg la Section d&rsquo;histoire de l&rsquo;Universit\u00e9 de Lausanne le D\u00e9partement d&rsquo;histoire de l&rsquo;Universit\u00e9 de B\u00e2le l&rsquo;Institut d&rsquo;histoire\u00a0de l&rsquo;Universit\u00e9 de Neuch\u00e2tel &#8230; ainsi que tous les autres bienfaitrices et bienfaiteurs pour leur engagement g\u00e9n\u00e9reux en faveur de traverse! Vous pouvez [&hellip;]<\/p>\n","protected":false},"author":2,"featured_media":0,"parent":0,"menu_order":4,"comment_status":"closed","ping_status":"closed","template":"","meta":{"footnotes":""},"class_list":["post-8378","page","type-page","status-publish","hentry"],"_links":{"self":[{"href":"https:\/\/revue-traverse.ch\/fr\/wp-json\/wp\/v2\/pages\/8378","targetHints":{"allow":["GET"]}}],"collection":[{"href":"https:\/\/revue-traverse.ch\/fr\/wp-json\/wp\/v2\/pages"}],"about":[{"href":"https:\/\/revue-traverse.ch\/fr\/wp-json\/wp\/v2\/types\/page"}],"author":[{"embeddable":true,"href":"https:\/\/revue-traverse.ch\/fr\/wp-json\/wp\/v2\/users\/2"}],"replies":[{"embeddable":true,"href":"https:\/\/revue-traverse.ch\/fr\/wp-json\/wp\/v2\/comments?post=8378"}],"version-history":[{"count":11,"href":"https:\/\/revue-traverse.ch\/fr\/wp-json\/wp\/v2\/pages\/8378\/revisions"}],"predecessor-version":[{"id":8820,"href":"https:\/\/revue-traverse.ch\/fr\/wp-json\/wp\/v2\/pages\/8378\/revisions\/8820"}],"wp:attachment":[{"href":"https:\/\/revue-traverse.ch\/fr\/wp-json\/wp\/v2\/media?parent=8378"}],"curies":[{"name":"wp","href":"https:\/\/api.w.org\/{rel}","templated":true}]}}