{"id":8833,"date":"2024-09-30T14:16:14","date_gmt":"2024-09-30T14:16:14","guid":{"rendered":"https:\/\/revue-traverse.ch\/wir-brauchen-eine-debatte\/"},"modified":"2024-12-16T07:53:48","modified_gmt":"2024-12-16T07:53:48","slug":"wir-brauchen-eine-debatte","status":"publish","type":"page","link":"https:\/\/revue-traverse.ch\/fr\/wir-brauchen-eine-debatte\/","title":{"rendered":"\u00abUn d\u00e9bat s&rsquo;impose! Wir brauchen eine Debatte\u00bb"},"content":{"rendered":"\n<p><\/p>\n\n\n\n<h1 class=\"wp-block-heading\">Perspectives multiples, forum unique: \u00c0 propos des mouvements de protestations dans les hautes \u00e9coles suisses en 2024<\/h1>\n\n\n\n<p>Depuis avril 2024, les \u00e9tudiant\u00b7es de nombreuses universit\u00e9s am\u00e9ricaines manifestent leur opposition \u00e0 la guerre \u00e0 Gaza en occupant physiquement le terrain universitaire, par des encampments. Les universit\u00e9s et hautes \u00e9coles suisses ont r\u00e9agi de mani\u00e8re diff\u00e9renci\u00e9e aux plus de dix mouvements de protestation qui ont eu lieu jusqu\u2019\u00e0 pr\u00e9sent. Ces manifestations \u00e9taient elles-m\u00eames diff\u00e9rentes les unes des autres, tant dans la forme que par leur dur\u00e9e, et leur d\u00e9nouement : des \u00e9tudiant\u00b7es lausannois\u00b7es qui ont occup\u00e9 un b\u00e2timent pendant deux semaines sans intervention polici\u00e8re, \u00e0 des sit-in \u00e9vacu\u00e9s par la police en quelques heures \u00e0 l\u2019ETH de Zurich, en passant par des cas interm\u00e9diaires comme celui de la courte occupation de la mensa de l\u2019Universit\u00e9 de Berne.<\/p>\n\n\n\n<p>Ce qui s\u2019est d\u00e9clench\u00e9 en tr\u00e8s peu de temps, c\u2019est une controverse complexe sur la guerre et la paix, l\u2019antis\u00e9mitisme, la coop\u00e9ration acad\u00e9mique, la politique universitaire et son influence sur les questions de droits fondamentaux. Nous sommes tou\u00b7tes concern\u00e9\u00b7es, que ce soit en tant qu\u2019\u00e9tudiant\u00b7es, membres du corps interm\u00e9diaire, enseignant\u00b7es ou professeur\u00b7es. Il en ressort avant tout un grand besoin d\u2019\u00e9change, d\u2019orientation et de clarification qui ne peut pas \u00eatre satisfait par des discours simplistes.<\/p>\n\n\n\n<p>Or ce d\u00e9bat important a \u00e9t\u00e9 rendu impossible dans presque toutes les universit\u00e9s par la r\u00e9pression polici\u00e8re des manifestant\u00b7es. Nous souhaitons donc ouvrir une discussion dans la revue traverse et la poursuivre de mani\u00e8re nuanc\u00e9e. En tant que membres de la r\u00e9daction de cette revue, notre objectif n\u2019est pas de d\u00e9fendre une position particuli\u00e8re ou d\u2019avancer des arguments sp\u00e9cifiques pour ou contre les occupations. Notre objectif est d\u2019ordre g\u00e9n\u00e9ral et concerne les fondements de notre discipline. Nous souhaitons profiter de ces \u00e9v\u00e8nements pour ouvrir un espace de controverse qui aborde de mani\u00e8re critique les protestations et les r\u00e9actions, les contextualise socialement et les situe historiquement. Nous voulons contribuer \u00e0 la pr\u00e9servation de la complexit\u00e9 du d\u00e9bat et ainsi offrir un environnement de dialogue appropri\u00e9 \u00e0 mener une r\u00e9flexion urgente et n\u00e9cessairement multiperspective.<\/p>\n\n\n\n<p>Les contributions ci-apr\u00e8s nous sont parvenues \u00e0 la suite d\u2019un appel lanc\u00e9 par la revue <em>traverse<\/em> au cours des derni\u00e8res semaines. Les responsables pour la revue ont souhait\u00e9 donner la parole aux \u00e9tudiant.e.s et aux doctorant.e.s, afin d&rsquo;exprimer leur point de vue sur les mouvements r\u00e9cents. Notre forum esp\u00e8re devenir un lieu de dialogue vivant, dynamique et respectueux qui, nous l\u2019esp\u00e9rons, suscitera la participation d&rsquo;une grande vari\u00e9t\u00e9 d&rsquo;acteurs dans les semaines et les mois \u00e0 venir.<\/p>\n\n\n\n<h1 class=\"wp-block-heading\">Contributions<\/h1>\n\n\n\n<p class=\"has-large-font-size\"><\/p>\n\n\n\n<p class=\"has-black-color has-text-color has-link-color has-medium-font-size wp-elements-9dd2bba3a74bd7bf43133803812ac5ee\"><strong><a href=\"https:\/\/revue-traverse.ch\/wieso-die-eth-zuerich-politisch-ist\/\"><mark style=\"background-color:rgba(0, 0, 0, 0)\" class=\"has-inline-color has-vivid-red-color\">Wieso die ETH Z\u00fcrich politisch ist<\/mark><\/a><\/strong> <mark style=\"background-color:rgba(0, 0, 0, 0)\" class=\"has-inline-color has-black-color\"><em>de Claire Louise Blaser, Damian Moosbrugger &amp; Lukas Rathjen <\/em>(ETH Z\u00fcrich)<\/mark>, 12.9.2024<\/p>\n\n\n\n<p class=\"has-black-color has-text-color has-link-color has-medium-font-size wp-elements-d110444c9d93c8ded77d2806109a1bb1\"><strong><a href=\"https:\/\/revue-traverse.ch\/statt-zuzuhoeren-rief-das-rektorat-die-polizei\/\"><mark style=\"background-color:rgba(0, 0, 0, 0)\" class=\"has-inline-color has-vivid-red-color\">Statt zuzuh\u00f6ren rief das Rektorat die Polizei<\/mark><\/a><\/strong> <em>de Robin<\/em> (Universit\u00e9 de Bern), 12.9.2024<\/p>\n\n\n\n<p class=\"has-medium-font-size\"><strong><a href=\"https:\/\/revue-traverse.ch\/lhistoire-et-lhistorien%c2%b7ne-une-relation-politique\/\"><mark style=\"background-color:rgba(0, 0, 0, 0)\" class=\"has-inline-color has-vivid-red-color\">L\u2019histoire et l\u2019historien\u00b7ne \u2013 une relation politique<\/mark><\/a><\/strong><mark style=\"background-color:rgba(0, 0, 0, 0)\" class=\"has-inline-color has-vivid-red-color\">&nbsp;<\/mark><em>de Fares Damien<\/em>&nbsp;(Universit\u00e9 de B\u00e2le), 30.9.2024<\/p>\n\n\n\n<p class=\"has-medium-font-size\"><strong><a href=\"https:\/\/revue-traverse.ch\/die-uni-braucht-diskussionsraeume\/\" target=\"_blank\" rel=\"noreferrer noopener\"><mark style=\"background-color:rgba(0, 0, 0, 0)\" class=\"has-inline-color has-vivid-red-color\">Die Uni braucht Diskussionsr\u00e4ume<\/mark><\/a><\/strong> <em>de Anna<\/em> (Universit\u00e9 de Bern), 21.10.2024<\/p>\n\n\n\n<p class=\"has-medium-font-size\"><a href=\"https:\/\/revue-traverse.ch\/raus-aus-der-sackgasse-mit-knowledge-security\/\"><strong><mark style=\"background-color:rgba(0, 0, 0, 0)\" class=\"has-inline-color has-vivid-red-color\">Raus aus der Sackgasse \u2013 mit Knowledge Security<\/mark><\/strong><\/a> <em>de Jo\u00ebl Graf<\/em> (Universit\u00e9 de Bern), 15.12.2024<\/p>\n\n\n\n<p class=\"has-white-color has-text-color has-link-color wp-elements-3ed1a65d90b2d73893f4f6cbb2501a16\">&#8230;<\/p>\n\n\n\n<p>Vous souhaitez participer au d\u00e9bat ?<\/p>\n\n\n\n<div class=\"wp-block-buttons is-layout-flex wp-block-buttons-is-layout-flex\">\n<div class=\"wp-block-button\"><a class=\"wp-block-button__link wp-element-button\" href=\"mailto:isabelle.schuerch@revue-traverse.ch,matthias.ruoss@revue-traverse.ch,pierre.eichenberger@revue-traverse.ch,pauline.milani@revue-traverse.ch\"><mark style=\"background-color:rgba(0, 0, 0, 0)\" class=\"has-inline-color has-cyan-bluish-gray-color\">Soumettre une contribution<\/mark><\/a><\/div>\n<\/div>\n\n\n\n<p><\/p>\n\n\n\n<p>La r\u00e9daction se r\u00e9serve le droit de commenter et, le cas \u00e9ch\u00e9ant, de refuser des textes.<\/p>\n\n\n\n<p><\/p>\n","protected":false},"excerpt":{"rendered":"<p>Perspectives multiples, forum unique: \u00c0 propos des mouvements de protestations dans les hautes \u00e9coles suisses en 2024 Depuis avril 2024, les \u00e9tudiant\u00b7es de nombreuses universit\u00e9s am\u00e9ricaines manifestent leur opposition \u00e0 la guerre \u00e0 Gaza en occupant physiquement le terrain universitaire, par des encampments. Les universit\u00e9s et hautes \u00e9coles suisses ont r\u00e9agi de mani\u00e8re diff\u00e9renci\u00e9e aux [&hellip;]<\/p>\n","protected":false},"author":5,"featured_media":0,"parent":0,"menu_order":3,"comment_status":"closed","ping_status":"closed","template":"","meta":{"footnotes":""},"class_list":["post-8833","page","type-page","status-publish","hentry"],"_links":{"self":[{"href":"https:\/\/revue-traverse.ch\/fr\/wp-json\/wp\/v2\/pages\/8833","targetHints":{"allow":["GET"]}}],"collection":[{"href":"https:\/\/revue-traverse.ch\/fr\/wp-json\/wp\/v2\/pages"}],"about":[{"href":"https:\/\/revue-traverse.ch\/fr\/wp-json\/wp\/v2\/types\/page"}],"author":[{"embeddable":true,"href":"https:\/\/revue-traverse.ch\/fr\/wp-json\/wp\/v2\/users\/5"}],"replies":[{"embeddable":true,"href":"https:\/\/revue-traverse.ch\/fr\/wp-json\/wp\/v2\/comments?post=8833"}],"version-history":[{"count":42,"href":"https:\/\/revue-traverse.ch\/fr\/wp-json\/wp\/v2\/pages\/8833\/revisions"}],"predecessor-version":[{"id":9275,"href":"https:\/\/revue-traverse.ch\/fr\/wp-json\/wp\/v2\/pages\/8833\/revisions\/9275"}],"wp:attachment":[{"href":"https:\/\/revue-traverse.ch\/fr\/wp-json\/wp\/v2\/media?parent=8833"}],"curies":[{"name":"wp","href":"https:\/\/api.w.org\/{rel}","templated":true}]}}